{"id":4085,"date":"2023-03-19T18:17:44","date_gmt":"2023-03-19T18:17:44","guid":{"rendered":"https:\/\/tem-forum.org\/kosik\/"},"modified":"2024-11-05T15:12:29","modified_gmt":"2024-11-05T15:12:29","slug":"kosik","status":"publish","type":"page","link":"https:\/\/tem-forum.org\/cs\/kosik\/","title":{"rendered":"Ko\u0161\u00edk"},"content":{"rendered":"<p>[et_pb_section fb_built=&#8220;1&#8243; _builder_version=&#8220;4.23.1&#8243; _module_preset=&#8220;default&#8220; background_enable_color=&#8220;off&#8220; use_background_color_gradient=&#8220;on&#8220; background_color_gradient_direction=&#8220;130deg&#8220; background_color_gradient_stops=&#8220;#990099 0%|#990099 42%|rgba(247,247,246,0) 42%|rgba(255,255,255,0) 87%|#ff9945 87%&#8220; background_color_gradient_overlays_image=&#8220;on&#8220; background_image=&#8220;https:\/\/tem-forum.org\/wp-content\/uploads\/2022\/11\/dasistTEM-41.jpg&#8220; hover_enabled=&#8220;0&#8243; background_last_edited=&#8220;on|desktop&#8220; background_color_gradient_direction_phone=&#8220;156deg&#8220; locked=&#8220;off&#8220; global_colors_info=&#8220;{%22gcid-260f8697-bd40-4588-bd6b-cf2fc459503b%22:%91%22background_color%22%93}&#8220; theme_builder_area=&#8220;post_content&#8220; title_text=&#8220;dasistTEM-41&#8243; sticky_enabled=&#8220;0&#8243;][et_pb_row _builder_version=&#8220;4.18.0&#8243; _module_preset=&#8220;default&#8220; global_colors_info=&#8220;{}&#8220; theme_builder_area=&#8220;post_content&#8220;][et_pb_column type=&#8220;4_4&#8243; _builder_version=&#8220;4.18.0&#8243; _module_preset=&#8220;default&#8220; global_colors_info=&#8220;{}&#8220; theme_builder_area=&#8220;post_content&#8220;][et_pb_text _builder_version=&#8220;4.23.1&#8243; _module_preset=&#8220;default&#8220; background_layout=&#8220;dark&#8220; hover_enabled=&#8220;0&#8243; global_colors_info=&#8220;{}&#8220; theme_builder_area=&#8220;post_content&#8220; sticky_enabled=&#8220;0&#8243;]<\/p>\n<h1><strong>N\u00e1kupn\u00ed ko\u0161\u00edk<\/strong><\/h1>\n<p>[\/et_pb_text][\/et_pb_column][\/et_pb_row][\/et_pb_section][et_pb_section fb_built=&#8220;1&#8243; custom_padding_last_edited=&#8220;on|desktop&#8220; _builder_version=&#8220;4.20.2&#8243; custom_margin_tablet=&#8220;&#8220; custom_margin_phone=&#8220;&#8220; custom_margin_last_edited=&#8220;on|desktop&#8220; custom_padding=&#8220;||15px||false|false&#8220; custom_padding_tablet=&#8220;||15px||false|false&#8220; custom_padding_phone=&#8220;||15px||false|false&#8220; background_last_edited=&#8220;on|desktop&#8220; global_colors_info=&#8220;{}&#8220;][et_pb_row _builder_version=&#8220;4.16&#8243; background_size=&#8220;initial&#8220; background_position=&#8220;top_left&#8220; background_repeat=&#8220;repeat&#8220; global_colors_info=&#8220;{}&#8220;][et_pb_column type=&#8220;4_4&#8243; _builder_version=&#8220;4.16&#8243; custom_padding=&#8220;|||&#8220; global_colors_info=&#8220;{}&#8220; custom_padding__hover=&#8220;|||&#8220;][et_pb_wc_cart_notice _builder_version=&#8220;4.16&#8243; global_colors_info=&#8220;{}&#8220;][\/et_pb_wc_cart_notice][et_pb_wc_cart_products _builder_version=&#8220;4.23.1&#8243; hover_enabled=&#8220;0&#8243; global_colors_info=&#8220;{}&#8220; text_orientation_last_edited=&#8220;off|desktop&#8220; table_header_background_color_last_edited=&#8220;on|desktop&#8220; table_header_font_last_edited=&#8220;on|desktop&#8220; table_header_text_align_last_edited=&#8220;on|desktop&#8220; table_header_text_color_last_edited=&#8220;off|desktop&#8220; table_header_font_size_last_edited=&#8220;on|desktop&#8220; table_header_letter_spacing_last_edited=&#8220;on|desktop&#8220; table_header_line_height_last_edited=&#8220;on|desktop&#8220; table_header_text_color=&#8220;#000000&#8243; body_font_last_edited=&#8220;on|desktop&#8220; body_text_align_last_edited=&#8220;on|desktop&#8220; body_text_color_last_edited=&#8220;off|desktop&#8220; body_font_size_last_edited=&#8220;on|desktop&#8220; body_letter_spacing_last_edited=&#8220;on|desktop&#8220; body_line_height_last_edited=&#8220;on|desktop&#8220; body_text_color=&#8220;#000000&#8243; border_radii_image_last_edited=&#8220;on|desktop&#8220; border_width_all_image_last_edited=&#8220;on|desktop&#8220; border_color_all_image_last_edited=&#8220;on|desktop&#8220; border_style_all_image_last_edited=&#8220;on|desktop&#8220; child_filter_hue_rotate_last_edited=&#8220;on|desktop&#8220; child_filter_saturate_last_edited=&#8220;on|desktop&#8220; child_filter_brightness_last_edited=&#8220;on|desktop&#8220; child_filter_contrast_last_edited=&#8220;on|desktop&#8220; child_filter_invert_last_edited=&#8220;on|desktop&#8220; child_filter_sepia_last_edited=&#8220;on|desktop&#8220; child_filter_opacity_last_edited=&#8220;on|desktop&#8220; child_filter_blur_last_edited=&#8220;on|desktop&#8220; child_mix_blend_mode_last_edited=&#8220;on|desktop&#8220; image_max_width_last_edited=&#8220;off|desktop&#8220; width_last_edited=&#8220;on|desktop&#8220; max_width_last_edited=&#8220;on|desktop&#8220; module_alignment_last_edited=&#8220;on|desktop&#8220; image_max_width=&#8220;50px&#8220; sticky_enabled=&#8220;0&#8243;][\/et_pb_wc_cart_products][\/et_pb_column][\/et_pb_row][et_pb_row column_structure=&#8220;1_2,1_2&#8243; _builder_version=&#8220;4.16&#8243; background_size=&#8220;initial&#8220; background_position=&#8220;top_left&#8220; background_repeat=&#8220;repeat&#8220; global_colors_info=&#8220;{}&#8220;][et_pb_column type=&#8220;1_2&#8243; _builder_version=&#8220;4.16&#8243; custom_padding=&#8220;|||&#8220; global_colors_info=&#8220;{}&#8220; custom_padding__hover=&#8220;|||&#8220;][et_pb_wc_cross_sells _builder_version=&#8220;4.16&#8243; global_colors_info=&#8220;{}&#8220;][\/et_pb_wc_cross_sells][\/et_pb_column][et_pb_column type=&#8220;1_2&#8243; _builder_version=&#8220;4.16&#8243; custom_padding=&#8220;|||&#8220; global_colors_info=&#8220;{}&#8220; custom_padding__hover=&#8220;|||&#8220;][et_pb_wc_cart_totals _builder_version=&#8220;4.16&#8243; global_colors_info=&#8220;{}&#8220;][\/et_pb_wc_cart_totals][\/et_pb_column][\/et_pb_row][\/et_pb_section]<\/p>\n<span class=\"et_bloom_bottom_trigger\"><\/span>","protected":false},"excerpt":{"rendered":"<p>N\u00e1kupn\u00ed ko\u0161\u00edk<\/p>\n","protected":false},"author":1,"featured_media":0,"parent":0,"menu_order":0,"comment_status":"closed","ping_status":"closed","template":"","meta":{"_et_pb_use_builder":"on","_et_pb_old_content":"","_et_gb_content_width":"","footnotes":""},"class_list":["post-4085","page","type-page","status-publish","hentry"],"_links":{"self":[{"href":"https:\/\/tem-forum.org\/cs\/wp-json\/wp\/v2\/pages\/4085","targetHints":{"allow":["GET"]}}],"collection":[{"href":"https:\/\/tem-forum.org\/cs\/wp-json\/wp\/v2\/pages"}],"about":[{"href":"https:\/\/tem-forum.org\/cs\/wp-json\/wp\/v2\/types\/page"}],"author":[{"embeddable":true,"href":"https:\/\/tem-forum.org\/cs\/wp-json\/wp\/v2\/users\/1"}],"replies":[{"embeddable":true,"href":"https:\/\/tem-forum.org\/cs\/wp-json\/wp\/v2\/comments?post=4085"}],"version-history":[{"count":5,"href":"https:\/\/tem-forum.org\/cs\/wp-json\/wp\/v2\/pages\/4085\/revisions"}],"predecessor-version":[{"id":5837,"href":"https:\/\/tem-forum.org\/cs\/wp-json\/wp\/v2\/pages\/4085\/revisions\/5837"}],"wp:attachment":[{"href":"https:\/\/tem-forum.org\/cs\/wp-json\/wp\/v2\/media?parent=4085"}],"curies":[{"name":"wp","href":"https:\/\/api.w.org\/{rel}","templated":true}]}}