{"id":4129,"date":"2023-03-19T18:17:44","date_gmt":"2023-03-19T18:17:44","guid":{"rendered":"https:\/\/tem-forum.org\/muj-ucet\/"},"modified":"2025-06-11T20:03:06","modified_gmt":"2025-06-11T20:03:06","slug":"muj-ucet","status":"publish","type":"page","link":"https:\/\/tem-forum.org\/cs\/muj-ucet\/","title":{"rendered":"M\u016fj \u00fa\u010det"},"content":{"rendered":"<p>[et_pb_section fb_built=&#8220;1&#8243; _builder_version=&#8220;4.16&#8243; global_colors_info=&#8220;{}&#8220;][et_pb_row _builder_version=&#8220;4.27.4&#8243; background_size=&#8220;initial&#8220; background_position=&#8220;top_left&#8220; background_repeat=&#8220;repeat&#8220; hover_enabled=&#8220;0&#8243; global_colors_info=&#8220;{}&#8220; background_color=&#8220;#FF9945&#8243; sticky_enabled=&#8220;0&#8243; custom_padding=&#8220;|10px||10px|false|true&#8220;][et_pb_column type=&#8220;4_4&#8243; _builder_version=&#8220;4.16&#8243; custom_padding=&#8220;|||&#8220; global_colors_info=&#8220;{}&#8220; custom_padding__hover=&#8220;|||&#8220;][et_pb_text _builder_version=&#8220;4.27.4&#8243; background_size=&#8220;initial&#8220; background_position=&#8220;top_left&#8220; background_repeat=&#8220;repeat&#8220; hover_enabled=&#8220;0&#8243; global_colors_info=&#8220;{}&#8220; sticky_enabled=&#8220;0&#8243; text_text_color=&#8220;#FFFFFF&#8220;]<\/p>\n<p><!-- divi:shortcode --><br \/><div class=\"woocommerce\"><\/div><br \/><!-- \/divi:shortcode --><\/p>\n<p>[\/et_pb_text][\/et_pb_column][\/et_pb_row][et_pb_row _builder_version=&#8220;4.20.2&#8243; _module_preset=&#8220;default&#8220; global_colors_info=&#8220;{}&#8220;][et_pb_column type=&#8220;4_4&#8243; _builder_version=&#8220;4.20.2&#8243; _module_preset=&#8220;default&#8220; global_colors_info=&#8220;{}&#8220;][et_pb_blog fullwidth=&#8220;off&#8220; include_categories=&#8220;70&#8243; show_thumbnail_tablet=&#8220;&#8220; show_thumbnail_phone=&#8220;&#8220; show_thumbnail_last_edited=&#8220;on|desktop&#8220; show_more_tablet=&#8220;&#8220; show_more_phone=&#8220;&#8220; show_more_last_edited=&#8220;on|desktop&#8220; show_author_last_edited=&#8220;off|desktop&#8220; show_date_tablet=&#8220;&#8220; show_date_phone=&#8220;&#8220; show_date_last_edited=&#8220;on|desktop&#8220; show_categories_tablet=&#8220;&#8220; show_categories_phone=&#8220;&#8220; show_categories_last_edited=&#8220;on|desktop&#8220; show_comments_tablet=&#8220;&#8220; show_comments_phone=&#8220;&#8220; show_comments_last_edited=&#8220;on|desktop&#8220; show_excerpt_tablet=&#8220;&#8220; show_excerpt_phone=&#8220;&#8220; show_excerpt_last_edited=&#8220;on|desktop&#8220; show_pagination_tablet=&#8220;&#8220; show_pagination_phone=&#8220;&#8220; show_pagination_last_edited=&#8220;on|desktop&#8220; _builder_version=&#8220;4.27.4&#8243; _module_preset=&#8220;default&#8220; hover_enabled=&#8220;0&#8243; global_colors_info=&#8220;{}&#8220; meta_date=&#8220;j M Y&#8220; show_author=&#8220;off&#8220; show_categories=&#8220;off&#8220; sticky_enabled=&#8220;0&#8243;][\/et_pb_blog][\/et_pb_column][\/et_pb_row][et_pb_row _builder_version=&#8220;4.20.2&#8243; _module_preset=&#8220;default&#8220; global_colors_info=&#8220;{}&#8220;][et_pb_column type=&#8220;4_4&#8243; _builder_version=&#8220;4.20.2&#8243; _module_preset=&#8220;default&#8220; global_colors_info=&#8220;{}&#8220;][et_pb_post_nav _builder_version=&#8220;4.20.2&#8243; _module_preset=&#8220;default&#8220; global_colors_info=&#8220;{}&#8220;][\/et_pb_post_nav][\/et_pb_column][\/et_pb_row][\/et_pb_section]<\/p>\n<span class=\"et_bloom_bottom_trigger\"><\/span>","protected":false},"excerpt":{"rendered":"<div class=\"woocommerce\"><\/div>\n","protected":false},"author":1,"featured_media":0,"parent":0,"menu_order":0,"comment_status":"closed","ping_status":"closed","template":"","meta":{"_et_pb_use_builder":"on","_et_pb_old_content":"","_et_gb_content_width":"","footnotes":""},"class_list":["post-4129","page","type-page","status-publish","hentry"],"_links":{"self":[{"href":"https:\/\/tem-forum.org\/cs\/wp-json\/wp\/v2\/pages\/4129","targetHints":{"allow":["GET"]}}],"collection":[{"href":"https:\/\/tem-forum.org\/cs\/wp-json\/wp\/v2\/pages"}],"about":[{"href":"https:\/\/tem-forum.org\/cs\/wp-json\/wp\/v2\/types\/page"}],"author":[{"embeddable":true,"href":"https:\/\/tem-forum.org\/cs\/wp-json\/wp\/v2\/users\/1"}],"replies":[{"embeddable":true,"href":"https:\/\/tem-forum.org\/cs\/wp-json\/wp\/v2\/comments?post=4129"}],"version-history":[{"count":5,"href":"https:\/\/tem-forum.org\/cs\/wp-json\/wp\/v2\/pages\/4129\/revisions"}],"predecessor-version":[{"id":6801,"href":"https:\/\/tem-forum.org\/cs\/wp-json\/wp\/v2\/pages\/4129\/revisions\/6801"}],"wp:attachment":[{"href":"https:\/\/tem-forum.org\/cs\/wp-json\/wp\/v2\/media?parent=4129"}],"curies":[{"name":"wp","href":"https:\/\/api.w.org\/{rel}","templated":true}]}}