{"id":6014,"date":"2023-11-15T19:46:01","date_gmt":"2023-11-15T19:46:01","guid":{"rendered":"https:\/\/tem-forum.org\/tem-forum-2024\/"},"modified":"2025-06-11T20:05:39","modified_gmt":"2025-06-11T20:05:39","slug":"tem-forum-2024","status":"publish","type":"page","link":"https:\/\/tem-forum.org\/cs\/tem-forum-2024\/","title":{"rendered":"TEM Forum 2024"},"content":{"rendered":"<p>[et_pb_section fb_built=&#8220;1&#8243; _builder_version=&#8220;4.25.1&#8243; _module_preset=&#8220;default&#8220; background_enable_color=&#8220;off&#8220; use_background_color_gradient=&#8220;on&#8220; background_color_gradient_direction=&#8220;130deg&#8220; background_color_gradient_stops=&#8220;gcid-18d4a12a-3b27-4734-b273-fd1074866b40 0%|gcid-18d4a12a-3b27-4734-b273-fd1074866b40 43%|rgba(247,247,246,0) 43%|rgba(255,255,255,0) 72%|#663399 72%&#8220; background_color_gradient_overlays_image=&#8220;on&#8220; background_image=&#8220;https:\/\/tem-forum.org\/wp-content\/uploads\/2023\/11\/Nationalbibliothek.jpg&#8220; background_last_edited=&#8220;on|desktop&#8220; background_color_gradient_direction_phone=&#8220;156deg&#8220; locked=&#8220;off&#8220; global_colors_info=&#8220;{%22gcid-260f8697-bd40-4588-bd6b-cf2fc459503b%22:%91%22background_color%22%93,%22gcid-18d4a12a-3b27-4734-b273-fd1074866b40%22:%91%22background_color_gradient_stops%22%93}&#8220;][et_pb_row column_structure=&#8220;1_2,1_2&#8243; _builder_version=&#8220;4.18.0&#8243; _module_preset=&#8220;default&#8220; global_colors_info=&#8220;{}&#8220;][et_pb_column type=&#8220;1_2&#8243; _builder_version=&#8220;4.18.0&#8243; _module_preset=&#8220;default&#8220; global_colors_info=&#8220;{}&#8220;][et_pb_text _builder_version=&#8220;4.23.1&#8243; _module_preset=&#8220;default&#8220; background_layout=&#8220;dark&#8220; global_colors_info=&#8220;{}&#8220;]<\/p>\n<h1><strong>TEM Forum 2024<\/strong><\/h1>\n<p>[\/et_pb_text][et_pb_button button_url=&#8220;https:\/\/tem-forum.org\/wp-content\/uploads\/2023\/04\/Programm-TEM-Forum-17-06-2023-1.png&#8220; button_text=&#8220;Program ke sta\u017een\u00ed&#8220; button_alignment=&#8220;left&#8220; button_text_tablet=&#8220;P\u0159ihl\u00e1sit se&#8220; button_text_phone=&#8220;P\u0159ihl\u00e1sit se&#8220; button_text_last_edited=&#8220;on|desktop&#8220; button_alignment_last_edited=&#8220;off|desktop&#8220; disabled_on=&#8220;on|on|on&#8220; _builder_version=&#8220;4.23.1&#8243; _module_preset=&#8220;default&#8220; custom_button=&#8220;on&#8220; button_text_color=&#8220;gcid-db95cbc7-16c5-4496-9b15-4a27a5a72505&#8243; button_border_width=&#8220;0px&#8220; button_border_color=&#8220;gcid-db95cbc7-16c5-4496-9b15-4a27a5a72505&#8243; button_icon=&#8220;&#x24;||divi||400&#8243; custom_margin=&#8220;0px||||false|false&#8220; custom_margin_tablet=&#8220;0px||||false|false&#8220; custom_margin_phone=&#8220;0px||||false|false&#8220; custom_margin_last_edited=&#8220;on|desktop&#8220; custom_padding=&#8220;0px|||0px|false|false&#8220; custom_padding_tablet=&#8220;0px|||0px|false|false&#8220; custom_padding_phone=&#8220;0px|||0px|false|false&#8220; custom_padding_last_edited=&#8220;on|desktop&#8220; overflow-x_tablet=&#8220;&#8220; overflow-x_phone=&#8220;&#8220; overflow-x_last_edited=&#8220;on|desktop&#8220; overflow-y_tablet=&#8220;&#8220; overflow-y_phone=&#8220;&#8220; overflow-y_last_edited=&#8220;on|desktop&#8220; disabled=&#8220;on&#8220; locked=&#8220;off&#8220; global_colors_info=&#8220;{%22gcid-db95cbc7-16c5-4496-9b15-4a27a5a72505%22:%91%22button_text_color%22,%22button_border_color%22%93}&#8220;][\/et_pb_button][et_pb_image src=&#8220;https:\/\/tem-forum.org\/wp-content\/uploads\/2024\/06\/meeting-vienna.png&#8220; title_text=&#8220;setk\u00e1n\u00ed ve V\u00eddni&#8220; src_tablet=&#8220;https:\/\/tem-forum.org\/wp-content\/uploads\/2024\/06\/meeting-vienna.png&#8220; src_phone=&#8220;https:\/\/tem-forum.org\/wp-content\/uploads\/2024\/06\/meeting-vienna.png&#8220; src_last_edited=&#8220;on|desktop&#8220; _builder_version=&#8220;4.25.1&#8243; _module_preset=&#8220;default&#8220; width=&#8220;39%&#8220; width_tablet=&#8220;39%&#8220; width_phone=&#8220;39%&#8220; width_last_edited=&#8220;on|desktop&#8220; max_width=&#8220;51%&#8220; max_width_tablet=&#8220;51%&#8220; max_width_phone=&#8220;51%&#8220; max_width_last_edited=&#8220;on|desktop&#8220; min_height_tablet=&#8220;&#8220; min_height_phone=&#8220;&#8220; min_height_last_edited=&#8220;on|desktop&#8220; height_tablet=&#8220;&#8220; height_phone=&#8220;&#8220; height_last_edited=&#8220;on|desktop&#8220; max_height_tablet=&#8220;&#8220; max_height_phone=&#8220;&#8220; max_height_last_edited=&#8220;on|desktop&#8220; module_alignment_tablet=&#8220;&#8220; module_alignment_phone=&#8220;&#8220; module_alignment_last_edited=&#8220;on|desktop&#8220; global_colors_info=&#8220;{}&#8220;][\/et_pb_image][\/et_pb_column][et_pb_column type=&#8220;1_2&#8243; _builder_version=&#8220;4.18.0&#8243; _module_preset=&#8220;default&#8220; global_colors_info=&#8220;{}&#8220;][et_pb_image src=&#8220;https:\/\/tem-forum.org\/wp-content\/uploads\/2024\/05\/UNESCO-1.png&#8220; title_text=&#8220;UNESCO 1&#8243; align=&#8220;right&#8220; src_last_edited=&#8220;off|tablet&#8220; align_tablet=&#8220;left&#8220; align_phone=&#8220;left&#8220; align_last_edited=&#8220;on|desktop&#8220; _builder_version=&#8220;4.25.1&#8243; _module_preset=&#8220;default&#8220; width_tablet=&#8220;&#8220; width_phone=&#8220;&#8220; width_last_edited=&#8220;on|desktop&#8220; max_width_tablet=&#8220;&#8220; max_width_phone=&#8220;&#8220; max_width_last_edited=&#8220;on|desktop&#8220; min_height_tablet=&#8220;&#8220; min_height_phone=&#8220;&#8220; min_height_last_edited=&#8220;on|desktop&#8220; height_tablet=&#8220;&#8220; height_phone=&#8220;&#8220; height_last_edited=&#8220;on|desktop&#8220; max_height=&#8220;170px&#8220; max_height_tablet=&#8220;120px&#8220; max_height_phone=&#8220;100px&#8220; max_height_last_edited=&#8220;on|tablet&#8220; module_alignment_tablet=&#8220;&#8220; module_alignment_phone=&#8220;&#8220; module_alignment_last_edited=&#8220;on|desktop&#8220; global_colors_info=&#8220;{}&#8220;][\/et_pb_image][\/et_pb_column][\/et_pb_row][\/et_pb_section][et_pb_section fb_built=&#8220;1&#8243; _builder_version=&#8220;4.24.0&#8243; _module_preset=&#8220;default&#8220; global_colors_info=&#8220;{}&#8220;][et_pb_row disabled_on=&#8220;off|off|off&#8220; _builder_version=&#8220;4.27.0&#8243; _module_preset=&#8220;default&#8220; custom_padding=&#8220;2px|||||&#8220; overflow-x_tablet=&#8220;&#8220; overflow-x_phone=&#8220;&#8220; overflow-x_last_edited=&#8220;on|desktop&#8220; overflow-y_tablet=&#8220;&#8220; overflow-y_phone=&#8220;&#8220; overflow-y_last_edited=&#8220;on|desktop&#8220; locked=&#8220;off&#8220; global_colors_info=&#8220;{}&#8220;][et_pb_column type=&#8220;4_4&#8243; _builder_version=&#8220;4.19.0&#8243; _module_preset=&#8220;default&#8220; background_color=&#8220;#336666&#8243; background_last_edited=&#8220;on|desktop&#8220; border_radii=&#8220;off|50px||50px|&#8220; border_radii_tablet=&#8220;off|50px||50px|&#8220; border_radii_phone=&#8220;off|50px||50px|&#8220; border_radii_last_edited=&#8220;on|desktop&#8220; border_width_all_tablet=&#8220;&#8220; border_width_all_phone=&#8220;&#8220; border_width_all_last_edited=&#8220;on|desktop&#8220; border_color_all_tablet=&#8220;&#8220; border_color_all_phone=&#8220;&#8220; border_color_all_last_edited=&#8220;on|desktop&#8220; border_style_all_tablet=&#8220;&#8220; border_style_all_phone=&#8220;&#8220; border_style_all_last_edited=&#8220;on|desktop&#8220; box_shadow_style=&#8220;preset2&#8243; box_shadow_horizontal_tablet=&#8220;&#8220; box_shadow_horizontal_phone=&#8220;&#8220; box_shadow_horizontal_last_edited=&#8220;on|desktop&#8220; box_shadow_vertical_tablet=&#8220;&#8220; box_shadow_vertical_phone=&#8220;&#8220; box_shadow_vertical_last_edited=&#8220;on|desktop&#8220; box_shadow_blur_tablet=&#8220;&#8220; box_shadow_blur_phone=&#8220;&#8220; box_shadow_blur_last_edited=&#8220;on|desktop&#8220; box_shadow_spread_tablet=&#8220;&#8220; box_shadow_spread_phone=&#8220;&#8220; box_shadow_spread_last_edited=&#8220;on|desktop&#8220; box_shadow_color_tablet=&#8220;&#8220; box_shadow_color_phone=&#8220;&#8220; box_shadow_color_last_edited=&#8220;on|desktop&#8220; box_shadow_position_tablet=&#8220;&#8220; box_shadow_position_phone=&#8220;&#8220; box_shadow_position_last_edited=&#8220;on|desktop&#8220; global_colors_info=&#8220;{}&#8220;][et_pb_text content_tablet=&#8220;<\/p>\n<h1 style=%22text-align: center;%22><strong>Na\u0161i nejlep\u0161\u00ed \u0159e\u010dn\u00edci<\/strong><\/h1>\n<ul>\n<li>\n<p>L<strong>ouis Hutter<\/strong> (prezident TEM Fora) &amp;<strong>Karl-Heinz Steinmetz<\/strong> (viceprezident TEM Fora) Stav a v\u00fdhled na z\u00e1klad\u011b celoevropsk\u00e9ho online pr\u016fzkumu<\/li>\n<li>A<strong>nnette Kerckhoff<\/strong> (profesorka zdravotnick\u00fdch v\u011bd, Berl\u00edn) Zviditeln\u011bn\u00ed neviditeln\u00fdch \u017een TEM!<\/li>\n<li>D<strong>r. Kornel Dora<\/strong> (\u0159editel knihovny opatstv\u00ed St. Gallen) Medic\u00edna v ran\u00e9m st\u0159edov\u011bku v St. Gallenu<\/li>\n<\/ul>\n<p>&#8220; content_phone=&#8220;<\/p>\n<h1 style=%22text-align: center;%22><strong>Na\u0161i nejlep\u0161\u00ed \u0159e\u010dn\u00edci<\/strong><\/h1>\n<ul>\n<li>\n<p>L<strong>ouis Hutter<\/strong> (prezident TEM Fora) &amp;<strong>Karl-Heinz Steinmetz<\/strong> (viceprezident TEM Fora) Stav a v\u00fdhled na z\u00e1klad\u011b celoevropsk\u00e9ho online pr\u016fzkumu<\/li>\n<li>A<strong>nnette Kerckhoff<\/strong> (profesorka zdravotnick\u00fdch v\u011bd, Berl\u00edn) Zviditeln\u011bn\u00ed neviditeln\u00fdch \u017een TEM!<\/li>\n<li>D<strong>r. Kornel Dora<\/strong> (\u0159editel knihovny opatstv\u00ed St. Gallen) Medic\u00edna v ran\u00e9m st\u0159edov\u011bku v St. Gallenu<\/li>\n<\/ul>\n<p>&#8220; content_last_edited=&#8220;off|desktop&#8220; _builder_version=&#8220;4.27.0&#8243; _module_preset=&#8220;b2d121c7-a347-42a3-9b67-9cf49b54472a&#8220; text_text_color=&#8220;gcid-db95cbc7-16c5-4496-9b15-4a27a5a72505&#8243; header_text_align=&#8220;center&#8220; header_text_color=&#8220;gcid-db95cbc7-16c5-4496-9b15-4a27a5a72505&#8243; header_line_height=&#8220;1.3em&#8220; header_2_text_color=&#8220;#FFFFFF&#8220; background_enable_color=&#8220;off&#8220; width=&#8220;102.5%&#8220; custom_margin=&#8220;||0px||false|false&#8220; custom_margin_tablet=&#8220;||0px|0px|false|false&#8220; custom_margin_phone=&#8220;||0px|-1px|false|false&#8220; custom_margin_last_edited=&#8220;off|desktop&#8220; custom_padding=&#8220;30px|60px|0px|60px|false|true&#8220; custom_padding_tablet=&#8220;30px|60px|0px|60px|false|true&#8220; custom_padding_phone=&#8220;30px|10px|0px|10px|false|true&#8220; custom_padding_last_edited=&#8220;on|phone&#8220; background_last_edited=&#8220;off|desktop&#8220; border_radii=&#8220;off||||&#8220; border_radii_tablet=&#8220;off||||&#8220; border_radii_phone=&#8220;off||||&#8220; border_radii_last_edited=&#8220;on|desktop&#8220; border_width_all_tablet=&#8220;&#8220; border_width_all_phone=&#8220;&#8220; border_width_all_last_edited=&#8220;on|desktop&#8220; border_color_all_tablet=&#8220;&#8220; border_color_all_phone=&#8220;&#8220; border_color_all_last_edited=&#8220;on|desktop&#8220; border_style_all_tablet=&#8220;&#8220; border_style_all_phone=&#8220;&#8220; border_style_all_last_edited=&#8220;on|desktop&#8220; global_colors_info=&#8220;{%22gcid-db95cbc7-16c5-4496-9b15-4a27a5a72505%22:%91%22text_text_color%22,%22header_text_color%22,%22text_text_color%22%93,%22gcid-714c981f-d4bf-47ea-9099-d051df1b3d8f%22:%91%22background_color%22%93}&#8220;]<\/p>\n<h2 style=\"text-align: center;\"><strong>  TEM Forum 2024 Review<\/strong><\/h2>\n<p style=\"text-align: center;\"><strong>Z\u00edskejte dojem z 2. f\u00f3ra TEM ve V\u00eddni<\/strong><\/p>\n<p>[\/et_pb_text][et_pb_button button_url=&#8220;https:\/\/www.youtube.com\/watch?v=ah49jC3n0G0&#8243; url_new_window=&#8220;on&#8220; button_text=&#8220;TEM Forum 2024&#8243; button_alignment=&#8220;center&#8220; button_text_tablet=&#8220;TEM Forum 2024&#8243; button_text_phone=&#8220;TEM Forum 2024&#8243; button_text_last_edited=&#8220;on|desktop&#8220; button_alignment_tablet=&#8220;center&#8220; button_alignment_phone=&#8220;center&#8220; button_alignment_last_edited=&#8220;on|desktop&#8220; _builder_version=&#8220;4.27.0&#8243; _module_preset=&#8220;default&#8220; custom_button=&#8220;on&#8220; button_border_color=&#8220;#FFFFFF&#8220; custom_margin=&#8220;54px||35px||false|false&#8220; custom_margin_tablet=&#8220;54px||35px||false|false&#8220; custom_margin_phone=&#8220;54px||35px||false|false&#8220; custom_margin_last_edited=&#8220;on|desktop&#8220; custom_padding_tablet=&#8220;&#8220; custom_padding_phone=&#8220;&#8220; custom_padding_last_edited=&#8220;on|desktop&#8220; background_layout_tablet=&#8220;&#8220; background_layout_phone=&#8220;&#8220; background_layout_last_edited=&#8220;on|desktop&#8220; global_colors_info=&#8220;{}&#8220; button_text_color__hover_enabled=&#8220;on|hover&#8220; button_text_color__hover=&#8220;#FFFFFF&#8220;][\/et_pb_button][\/et_pb_column][\/et_pb_row][et_pb_row _builder_version=&#8220;4.27.4&#8243; _module_preset=&#8220;default&#8220; hover_enabled=&#8220;0&#8243; global_colors_info=&#8220;{}&#8220; sticky_enabled=&#8220;0&#8243;][et_pb_column type=&#8220;4_4&#8243; _builder_version=&#8220;4.23.1&#8243; _module_preset=&#8220;default&#8220; global_colors_info=&#8220;{}&#8220;][et_pb_text _builder_version=&#8220;4.25.1&#8243; _module_preset=&#8220;default&#8220; global_colors_info=&#8220;{}&#8220;]<\/p>\n<h2><span style=\"color: #ff0000;\"><strong>Konference je vyprodan\u00e1!<\/strong><\/span><\/h2>\n<p>Celkov\u00e1 pov\u011btrnostn\u00ed situace se m\u011bn\u00ed &#8211; TEM je ji\u017e n\u011bkolik let na vzestupu a otev\u00edr\u00e1 se p\u0159\u00edle\u017eitost. Bu\u010fte u toho, a\u017e v polovin\u011b \u010dervna nastav\u00edme ve V\u00eddni kompas TEM a vyraz\u00edme! F\u00f3rum TEM v\u00e1m nab\u00edz\u00ed pestr\u00fd program:  <\/p>\n<ul>\n<li>s inspirativn\u00edmi prezentacemi odborn\u00edk\u016f<\/li>\n<li>s prostorem pro vz\u00e1jemn\u00e9 pozn\u00e1v\u00e1n\u00ed, navazov\u00e1n\u00ed kontakt\u016f a tvorbu.<\/li>\n<li>se slavnostn\u00edm ve\u010derem na hrad\u011b na oslavu \u017eivota.<\/li>\n<\/ul>\n<p class=\"p1\">\n<p>[\/et_pb_text][\/et_pb_column][\/et_pb_row][\/et_pb_section][et_pb_section fb_built=&#8220;1&#8243; _builder_version=&#8220;4.23.1&#8243; _module_preset=&#8220;default&#8220; custom_padding=&#8220;5px|||||&#8220; global_colors_info=&#8220;{}&#8220;][et_pb_row column_structure=&#8220;1_2,1_2&#8243; _builder_version=&#8220;4.24.0&#8243; _module_preset=&#8220;default&#8220; custom_padding=&#8220;0px|||||&#8220; global_colors_info=&#8220;{}&#8220;][et_pb_column type=&#8220;1_2&#8243; _builder_version=&#8220;4.23.1&#8243; _module_preset=&#8220;default&#8220; global_colors_info=&#8220;{}&#8220;][et_pb_text content_last_edited=&#8220;off|desktop&#8220; _builder_version=&#8220;4.25.0&#8243; _module_preset=&#8220;default&#8220; header_2_text_color=&#8220;#00CC99&#8243; header_3_text_color=&#8220;#663399&#8243; global_colors_info=&#8220;{}&#8220;]<\/p>\n<h2>Program:<\/h2>\n<h3>M\u00edsta kon\u00e1n\u00ed akce:<\/h3>\n<ul>\n<li><strong>M\u00edsto kon\u00e1n\u00ed konference a setk\u00e1n\u00ed: <\/strong>\u00d6sterreichische Gesellschaft vom Goldenen Kreuze, K\u00e4rnter Str. 26 \/ Marco-d&#8217;Aviano-Gasse 1, 1010 V\u00edde\u0148.<\/li>\n<li><strong>Slavnostn\u00ed ve\u010der<\/strong>: z\u00e1mek Coburg zu Ebenthal,<span class=\"LrzXr\"> 2251 Ebenthal<\/span><\/li>\n<\/ul>\n<h3>P\u00e1tek 14.06.2024<\/h3>\n<p><strong><span style=\"font-size: 19px;\">19.30 hodin: Setk\u00e1n\u00ed s<\/span><\/strong><strong><span style=\"font-size: 19px;\"> V\u00edde\u0148sk\u00e9 speciality<\/span><\/strong><\/p>\n<h3>Sobota 15.06.2024<\/h3>\n<p><strong><span style=\"font-size: 19px;\">09.00-12.00: TEM &#8211; O co vlastn\u011b jde?<\/span><\/strong><\/p>\n<p><strong>Pozdrav<\/strong><\/p>\n<p><strong>P\u011bt inspirac\u00ed<br \/><\/strong><\/p>\n<p>20minutov\u00e9 impulsy v angli\u010dtin\u011b; p\u0159\u00edru\u010dka je k dispozici v dal\u0161\u00edch jazyc\u00edch. V\u00fdm\u011bna. Impulsy budou tvo\u0159iv\u011b pokra\u010dovat v sobotu odpoledne a prakticky se rozpracuj\u00ed v ned\u011bli.  <\/p>\n<ul>\n<li><strong>1: Co je TEM? Cesty z babylonsk\u00e9ho jazykov\u00e9ho zmatku a dezorientace <\/strong>\n<ul>\n<li><strong>Karl-Heinz Steinmetz<\/strong> &#8211; prezident TEM Forum<\/li>\n<\/ul>\n<\/li>\n<li><strong>2: Dokumentace a ochrana TEM jako nehmotn\u00e9ho kulturn\u00edho d\u011bdictv\u00ed &#8211; v\u00fdzva k akci!<\/strong>\n<ul>\n<li><strong>Michaela Noseck-Licul<\/strong> &#8211; kulturn\u00ed antropolo\u017eka<\/li>\n<\/ul>\n<\/li>\n<li><strong>3: TEM &#8211; vyplat\u00ed se vynalo\u017een\u00e9 \u00fasil\u00ed?<\/strong>\n<ul>\n<li><strong>Harald Hafner<\/strong> &#8211; marketingov\u00fd expert<\/li>\n<\/ul>\n<\/li>\n<li><strong>4: Mezin\u00e1rodn\u00ed budoucnost TEM &#8211; quo vadis?<\/strong>\n<ul>\n<li><strong>Nora Laubstein<\/strong> &#8211; N\u011bmeck\u00e1 asociace naturopat\u016f DNB<\/li>\n<\/ul>\n<\/li>\n<li><strong>5: Humor\u00e1ln\u00ed medic\u00edna zalo\u017een\u00e1 na d\u016fkazech &#8211; funguje?<\/strong>\n<ul>\n<li><strong>Meysam Shirzad <\/strong>&#8211; odborn\u00edk na hum\u00e1nn\u00ed medic\u00ednu<\/li>\n<\/ul>\n<\/li>\n<li><strong>Moderuje: Harald R. Preyer<\/strong> &#8211; hostitel a \u0159e\u010dn\u00edk<\/li>\n<\/ul>\n<p><strong><span style=\"font-size: 19px;\">13.00-16.00: Hled\u00e1n\u00ed pokladu TEM<\/span><\/strong><\/p>\n<p>Se \u010dty\u0159mi impulsy v batohu objevujeme poklady TEM v centru V\u00eddn\u011b:<\/p>\n<ul>\n<li><strong>Um\u011bleckohistorick\u00e9 muzeum<\/strong> &#8211; Diagnostika a terapie v obrazech<\/li>\n<li><strong>Arkadenhof V\u00edde\u0148sk\u00e9 univerzity<\/strong> &#8211; TEM jako v\u011bda a svobodn\u00e9 l\u00e9\u010debn\u00e9 um\u011bn\u00ed<\/li>\n<li><strong>Katedr\u00e1la svat\u00e9ho \u0160t\u011bp\u00e1na<\/strong> &#8211; \u010cty\u0159i temperamenty a c\u00edsa\u0159sk\u00fd \u0159ez<\/li>\n<li><strong>Elisabetinenapotheke<\/strong> &#8211; Nov\u011b objeven\u00e9 recepty kl\u00e1\u0161tern\u00ed medic\u00edny<\/li>\n<li><strong>Sala terrena Deutschordenshaus<\/strong> &#8211; kiosek zdrav\u00ed TEM<\/li>\n<\/ul>\n<p><strong><span style=\"font-size: 19px;\">17.00: P\u0159\u00e1telsk\u00e1 v\u00fdm\u011bna n\u00e1zor\u016f &#8211; b\u011bhem cesty autobusem na hrad<br \/><\/span><\/strong><\/p>\n<p><strong><span style=\"font-size: 19px;\">Slavnostn\u00ed ve\u010der na z\u00e1mku Coburg v Ebenthalu<\/span><\/strong><\/p>\n<ul>\n<li>Recepce s TEM amuse guele a v\u00ednem<\/li>\n<li><strong>P\u0159ed\u00e1n\u00ed ceny ANME za sponzorstv\u00ed 2024 &#8211; <\/strong><strong>Laud\u00e1tor: Nora Laubstein<\/strong><\/li>\n<li>Bufet TEM<\/li>\n<li>Stoln\u00ed hudba a tanec: Hudebn\u00ed kvartet<\/li>\n<\/ul>\n<p><strong><span style=\"font-size: 19px;\">22.30: Vesel\u00e9 fin\u00e1le &#8211; cesta autobusem do V\u00eddn\u011b<br \/><\/span><\/strong><\/p>\n<h3>Ned\u011ble 16.06.2024<\/h3>\n<p><strong><span style=\"font-size: 19px;\">09.30-12.00: Spole\u010dn\u011b p\u0159en\u00e1\u0161\u00edme hory!<\/span><\/strong><\/p>\n<p>Va\u0161e odborn\u00e9 znalosti a nad\u0161en\u00ed jsou \u017e\u00e1dan\u00e9: pomozte tvo\u0159iv\u011b utv\u00e1\u0159et TEM v jednom ze \u010dty\u0159 uskupen\u00ed na z\u00e1klad\u011b \u010dty\u0159 sobotn\u00edch impuls\u016f a va\u0161ich dojm\u016f z hled\u00e1n\u00ed pokladu a slavnostn\u00edho ve\u010dera:<\/p>\n<ul>\n<li><strong>1: Hlas TEM je sly\u0161et na ve\u0159ejnosti<\/strong><\/li>\n<li><strong>2: Navrhn\u011bte pro sv\u016fj region projekt zam\u011b\u0159en\u00fd na kulturn\u00ed d\u011bdictv\u00ed<\/strong><\/li>\n<li><strong>3: P\u0159em\u011b\u0148te kvalitu na pen\u00edze<\/strong><\/li>\n<li><strong>4: Poj\u010fme na evropskou a glob\u00e1ln\u00ed sc\u00e9nu<\/strong><\/li>\n<li><strong>Moderuje: Harald R. Preyer<\/strong> &#8211; hostitel a \u0159e\u010dn\u00edk<strong><\/strong><\/li>\n<\/ul>\n<ul>\n<li><strong>Z\u00e1v\u011br: V\u00edde\u0148sk\u00e1 deklarace TEM 2024<\/strong><\/li>\n<\/ul>\n<p>[\/et_pb_text][\/et_pb_column][et_pb_column type=&#8220;1_2&#8243; _builder_version=&#8220;4.23.1&#8243; _module_preset=&#8220;default&#8220; global_colors_info=&#8220;{}&#8220;][dipl_masonry_gallery image_ids=&#8220;4882,4832,4877,4872,4867,4862,4857,4852,4847,4842,4837,4583,4578,4573,4568,4548,4558,4553,4563,4543,4538,4508,4533,4528,4518,4513,4503,4498,4493,4523&#8243; column_spacing=&#8220;10px&#8220; number_of_columns_tablet=&#8220;&#8220; number_of_columns_phone=&#8220;&#8220; number_of_columns_last_edited=&#8220;on|desktop&#8220; column_spacing_tablet=&#8220;10px&#8220; column_spacing_phone=&#8220;10px&#8220; column_spacing_last_edited=&#8220;on|desktop&#8220; _builder_version=&#8220;4.23.1&#8243; _module_preset=&#8220;default&#8220; title_font_size=&#8220;11px&#8220; width_tablet=&#8220;&#8220; width_phone=&#8220;&#8220; width_last_edited=&#8220;on|desktop&#8220; max_width_tablet=&#8220;&#8220; max_width_phone=&#8220;&#8220; max_width_last_edited=&#8220;on|desktop&#8220; min_height_tablet=&#8220;&#8220; min_height_phone=&#8220;&#8220; min_height_last_edited=&#8220;on|desktop&#8220; height_tablet=&#8220;&#8220; height_phone=&#8220;&#8220; height_last_edited=&#8220;on|desktop&#8220; max_height_tablet=&#8220;&#8220; max_height_phone=&#8220;&#8220; max_height_last_edited=&#8220;on|desktop&#8220; custom_margin_tablet=&#8220;&#8220; custom_margin_phone=&#8220;&#8220; custom_margin_last_edited=&#8220;on|desktop&#8220; custom_padding_tablet=&#8220;&#8220; custom_padding_phone=&#8220;&#8220; custom_padding_last_edited=&#8220;on|desktop&#8220; title_font_tablet=&#8220;&#8220; title_font_phone=&#8220;&#8220; title_font_last_edited=&#8220;on|desktop&#8220; title_text_align_tablet=&#8220;&#8220; title_text_align_phone=&#8220;&#8220; title_text_align_last_edited=&#8220;on|desktop&#8220; title_text_color_tablet=&#8220;&#8220; title_text_color_phone=&#8220;&#8220; title_text_color_last_edited=&#8220;on|desktop&#8220; title_font_size_tablet=&#8220;11px&#8220; title_font_size_phone=&#8220;11px&#8220; title_font_size_last_edited=&#8220;on|desktop&#8220; title_letter_spacing_tablet=&#8220;&#8220; title_letter_spacing_phone=&#8220;&#8220; title_letter_spacing_last_edited=&#8220;on|desktop&#8220; title_line_height_tablet=&#8220;&#8220; title_line_height_phone=&#8220;&#8220; title_line_height_last_edited=&#8220;on|desktop&#8220; module_alignment_tablet=&#8220;&#8220; module_alignment_phone=&#8220;&#8220; module_alignment_last_edited=&#8220;on|desktop&#8220; border_radii_image_tablet=&#8220;&#8220; border_radii_image_phone=&#8220;&#8220; border_radii_image_last_edited=&#8220;on|desktop&#8220; border_width_all_image_tablet=&#8220;&#8220; border_width_all_image_phone=&#8220;&#8220; border_width_all_image_last_edited=&#8220;on|desktop&#8220; border_color_all_image_tablet=&#8220;&#8220; border_color_all_image_phone=&#8220;&#8220; border_color_all_image_last_edited=&#8220;on|desktop&#8220; border_style_all_image_tablet=&#8220;&#8220; border_style_all_image_phone=&#8220;&#8220; border_style_all_image_last_edited=&#8220;on|desktop&#8220; border_radii_tablet=&#8220;&#8220; border_radii_phone=&#8220;&#8220; border_radii_last_edited=&#8220;on|desktop&#8220; border_width_all_tablet=&#8220;&#8220; border_width_all_phone=&#8220;&#8220; border_width_all_last_edited=&#8220;on|desktop&#8220; border_color_all_tablet=&#8220;&#8220; border_color_all_phone=&#8220;&#8220; border_color_all_last_edited=&#8220;on|desktop&#8220; border_style_all_tablet=&#8220;&#8220; border_style_all_phone=&#8220;&#8220; border_style_all_last_edited=&#8220;on|desktop&#8220; global_colors_info=&#8220;{}&#8220;][\/dipl_masonry_gallery][\/et_pb_column][\/et_pb_row][\/et_pb_section]<\/p>\n<span class=\"et_bloom_bottom_trigger\"><\/span>","protected":false},"excerpt":{"rendered":"<p>TEM Forum 2024 TEM Forum 2024 Review Z\u00edskejte dojem z 2. f\u00f3ra TEM ve V\u00eddniKonference je vyprodan\u00e1! Celkov\u00e1 pov\u011btrnostn\u00ed situace se m\u011bn\u00ed &#8211; TEM je ji\u017e n\u011bkolik let na vzestupu a otev\u00edr\u00e1 se p\u0159\u00edle\u017eitost. Bu\u010fte u toho, a\u017e v polovin\u011b \u010dervna nastav\u00edme ve V\u00eddni kompas TEM a vyraz\u00edme! F\u00f3rum TEM v\u00e1m nab\u00edz\u00ed pestr\u00fd program: s [&hellip;]<\/p>\n","protected":false},"author":2,"featured_media":0,"parent":0,"menu_order":0,"comment_status":"closed","ping_status":"closed","template":"","meta":{"_et_pb_use_builder":"on","_et_pb_old_content":"","_et_gb_content_width":"","footnotes":""},"class_list":["post-6014","page","type-page","status-publish","hentry"],"_links":{"self":[{"href":"https:\/\/tem-forum.org\/cs\/wp-json\/wp\/v2\/pages\/6014","targetHints":{"allow":["GET"]}}],"collection":[{"href":"https:\/\/tem-forum.org\/cs\/wp-json\/wp\/v2\/pages"}],"about":[{"href":"https:\/\/tem-forum.org\/cs\/wp-json\/wp\/v2\/types\/page"}],"author":[{"embeddable":true,"href":"https:\/\/tem-forum.org\/cs\/wp-json\/wp\/v2\/users\/2"}],"replies":[{"embeddable":true,"href":"https:\/\/tem-forum.org\/cs\/wp-json\/wp\/v2\/comments?post=6014"}],"version-history":[{"count":11,"href":"https:\/\/tem-forum.org\/cs\/wp-json\/wp\/v2\/pages\/6014\/revisions"}],"predecessor-version":[{"id":6842,"href":"https:\/\/tem-forum.org\/cs\/wp-json\/wp\/v2\/pages\/6014\/revisions\/6842"}],"wp:attachment":[{"href":"https:\/\/tem-forum.org\/cs\/wp-json\/wp\/v2\/media?parent=6014"}],"curies":[{"name":"wp","href":"https:\/\/api.w.org\/{rel}","templated":true}]}}