{"id":6558,"date":"2025-03-08T12:34:40","date_gmt":"2025-03-08T12:34:40","guid":{"rendered":"https:\/\/tem-forum.org\/product\/tem-forum-2025-student\/"},"modified":"2025-05-11T00:00:20","modified_gmt":"2025-05-11T00:00:20","slug":"tem-forum-2025-student","status":"publish","type":"product","link":"https:\/\/tem-forum.org\/cs\/produkt\/tem-forum-2025-student\/","title":{"rendered":"TEM Forum 2025: Student"},"content":{"rendered":"<span class=\"et_bloom_bottom_trigger\"><\/span>","protected":false},"excerpt":{"rendered":"<p><strong data-start=\"265\" data-end=\"303\">Pro studenty naturopatie<\/strong> &#8211; Jedine\u010dn\u00e1 p\u0159\u00edle\u017eitost prohloubit znalosti TEM z prvn\u00ed ruky.<br \/>\nStudenti se mus\u00ed na m\u00edst\u011b identifikovat jako studenti!<\/p>\n","protected":false},"featured_media":6674,"comment_status":"open","ping_status":"closed","template":"","meta":{"_et_pb_use_builder":"","_et_pb_old_content":"","_et_gb_content_width":""},"product_brand":[],"product_cat":[122],"product_tag":[],"class_list":{"0":"post-6558","1":"product","2":"type-product","3":"status-publish","4":"has-post-thumbnail","6":"product_cat-vstupenka","8":"first","9":"instock","10":"shipping-taxable","11":"purchasable","12":"product-type-simple"},"_links":{"self":[{"href":"https:\/\/tem-forum.org\/cs\/wp-json\/wp\/v2\/product\/6558","targetHints":{"allow":["GET"]}}],"collection":[{"href":"https:\/\/tem-forum.org\/cs\/wp-json\/wp\/v2\/product"}],"about":[{"href":"https:\/\/tem-forum.org\/cs\/wp-json\/wp\/v2\/types\/product"}],"replies":[{"embeddable":true,"href":"https:\/\/tem-forum.org\/cs\/wp-json\/wp\/v2\/comments?post=6558"}],"wp:featuredmedia":[{"embeddable":true,"href":"https:\/\/tem-forum.org\/cs\/wp-json\/wp\/v2\/media\/6674"}],"wp:attachment":[{"href":"https:\/\/tem-forum.org\/cs\/wp-json\/wp\/v2\/media?parent=6558"}],"wp:term":[{"taxonomy":"product_brand","embeddable":true,"href":"https:\/\/tem-forum.org\/cs\/wp-json\/wp\/v2\/product_brand?post=6558"},{"taxonomy":"product_cat","embeddable":true,"href":"https:\/\/tem-forum.org\/cs\/wp-json\/wp\/v2\/product_cat?post=6558"},{"taxonomy":"product_tag","embeddable":true,"href":"https:\/\/tem-forum.org\/cs\/wp-json\/wp\/v2\/product_tag?post=6558"}],"curies":[{"name":"wp","href":"https:\/\/api.w.org\/{rel}","templated":true}]}}