{"id":6631,"date":"2025-03-09T20:15:13","date_gmt":"2025-03-09T20:15:13","guid":{"rendered":"https:\/\/tem-forum.org\/product\/tem-forum-2025-ranni-ptacata\/"},"modified":"2025-03-12T17:09:32","modified_gmt":"2025-03-12T17:09:32","slug":"tem-forum-2025-ranni-ptacata","status":"publish","type":"product","link":"https:\/\/tem-forum.org\/cs\/produkt\/tem-forum-2025-ranni-ptacata\/","title":{"rendered":"Tem-Forum 2025: Rann\u00ed pt\u00e1\u010data"},"content":{"rendered":"<span class=\"et_bloom_bottom_trigger\"><\/span>","protected":false},"excerpt":{"rendered":"<p>Posp\u011b\u0161te si a zajist\u011bte si omezen\u00fd po\u010det vstupenek za speci\u00e1ln\u00ed cenu.<br \/>\nPouze do 25. b\u0159ezna!<\/p>\n","protected":false},"featured_media":6659,"comment_status":"open","ping_status":"closed","template":"","meta":{"_et_pb_use_builder":"","_et_pb_old_content":"","_et_gb_content_width":""},"product_brand":[],"product_cat":[122],"product_tag":[],"class_list":{"0":"post-6631","1":"product","2":"type-product","3":"status-publish","4":"has-post-thumbnail","6":"product_cat-vstupenka","8":"first","9":"instock","10":"virtual","11":"purchasable","12":"product-type-simple"},"_links":{"self":[{"href":"https:\/\/tem-forum.org\/cs\/wp-json\/wp\/v2\/product\/6631","targetHints":{"allow":["GET"]}}],"collection":[{"href":"https:\/\/tem-forum.org\/cs\/wp-json\/wp\/v2\/product"}],"about":[{"href":"https:\/\/tem-forum.org\/cs\/wp-json\/wp\/v2\/types\/product"}],"replies":[{"embeddable":true,"href":"https:\/\/tem-forum.org\/cs\/wp-json\/wp\/v2\/comments?post=6631"}],"wp:featuredmedia":[{"embeddable":true,"href":"https:\/\/tem-forum.org\/cs\/wp-json\/wp\/v2\/media\/6659"}],"wp:attachment":[{"href":"https:\/\/tem-forum.org\/cs\/wp-json\/wp\/v2\/media?parent=6631"}],"wp:term":[{"taxonomy":"product_brand","embeddable":true,"href":"https:\/\/tem-forum.org\/cs\/wp-json\/wp\/v2\/product_brand?post=6631"},{"taxonomy":"product_cat","embeddable":true,"href":"https:\/\/tem-forum.org\/cs\/wp-json\/wp\/v2\/product_cat?post=6631"},{"taxonomy":"product_tag","embeddable":true,"href":"https:\/\/tem-forum.org\/cs\/wp-json\/wp\/v2\/product_tag?post=6631"}],"curies":[{"name":"wp","href":"https:\/\/api.w.org\/{rel}","templated":true}]}}