{"id":6047,"date":"2023-03-25T20:15:34","date_gmt":"2023-03-25T20:15:34","guid":{"rendered":"https:\/\/tem-forum.org\/billets\/"},"modified":"2024-11-05T15:46:03","modified_gmt":"2024-11-05T15:46:03","slug":"billets","status":"publish","type":"page","link":"https:\/\/tem-forum.org\/fr\/billets\/","title":{"rendered":"Billets"},"content":{"rendered":"<p>[et_pb_section fb_built=\u00a0\u00bb1&Prime; _builder_version=\u00a0\u00bb4.20.2&Prime; _module_preset=\u00a0\u00bbdefault\u00a0\u00bb global_colors_info=\u00a0\u00bb{}\u00a0\u00bb][et_pb_row _builder_version=\u00a0\u00bb4.20.2&Prime; _module_preset=\u00a0\u00bbdefault\u00a0\u00bb global_colors_info=\u00a0\u00bb{}\u00a0\u00bb][et_pb_column type=\u00a0\u00bb4_4&Prime; _builder_version=\u00a0\u00bb4.20.2&Prime; _module_preset=\u00a0\u00bbdefault\u00a0\u00bb global_colors_info=\u00a0\u00bb{}\u00a0\u00bb][dipl_woo_products enable_out_of_stock_label=\u00a0\u00bbon\u00a0\u00bb column_spacing=\u00a0\u00bb23px\u00a0\u00bb thumbnail_size=\u00a0\u00bbwoocommerce_single\u00a0\u00bb add_to_cart_bg_color=\u00a0\u00bbRGBA(255,255,255,0)\u00a0\u00bb add_to_cart_icon=\u00a0\u00bb5||divi||400&Prime; number_of_columns_tablet=\u00a0\u00bb2&Prime; number_of_columns_phone=\u00a0\u00bb1&Prime; number_of_columns_last_edited=\u00a0\u00bbon|phone\u00a0\u00bb column_spacing_tablet=\u00a0\u00bb\u00a0\u00bb column_spacing_phone=\u00a0\u00bb\u00a0\u00bb column_spacing_last_edited=\u00a0\u00bbon|desktop\u00a0\u00bb add_to_cart_icon_tablet=\u00a0\u00bb5||divi||400&Prime; add_to_cart_icon_phone=\u00a0\u00bb5||divi||400&Prime; add_to_cart_icon_last_edited=\u00a0\u00bbon|desktop\u00a0\u00bb _builder_version=\u00a0\u00bb4.20.4&Prime; _module_preset=\u00a0\u00bbdefault\u00a0\u00bb add_to_cart_text_color=\u00a0\u00bb#336666&Prime; add_to_cart_font_size=\u00a0\u00bb18px\u00a0\u00bb hover_enabled=\u00a0\u00bb0&Prime; title_font_tablet=\u00a0\u00bb\u00a0\u00bb title_font_phone=\u00a0\u00bb\u00a0\u00bb title_font_last_edited=\u00a0\u00bbon|desktop\u00a0\u00bb title_text_align_tablet=\u00a0\u00bb\u00a0\u00bb title_text_align_phone=\u00a0\u00bb\u00a0\u00bb title_text_align_last_edited=\u00a0\u00bbon|desktop\u00a0\u00bb title_text_color_tablet=\u00a0\u00bb\u00a0\u00bb title_text_color_phone=\u00a0\u00bb\u00a0\u00bb title_text_color_last_edited=\u00a0\u00bbon|desktop\u00a0\u00bb title_font_size_tablet=\u00a0\u00bb\u00a0\u00bb title_font_size_phone=\u00a0\u00bb\u00a0\u00bb title_font_size_last_edited=\u00a0\u00bbon|desktop\u00a0\u00bb title_letter_spacing_tablet=\u00a0\u00bb\u00a0\u00bb title_letter_spacing_phone=\u00a0\u00bb\u00a0\u00bb title_letter_spacing_last_edited=\u00a0\u00bbon|desktop\u00a0\u00bb title_line_height_tablet=\u00a0\u00bb\u00a0\u00bb title_line_height_phone=\u00a0\u00bb\u00a0\u00bb title_line_height_last_edited=\u00a0\u00bbon|desktop\u00a0\u00bb price_font_tablet=\u00a0\u00bb\u00a0\u00bb price_font_phone=\u00a0\u00bb\u00a0\u00bb price_font_last_edited=\u00a0\u00bbon|desktop\u00a0\u00bb price_text_align_tablet=\u00a0\u00bb\u00a0\u00bb price_text_align_phone=\u00a0\u00bb\u00a0\u00bb price_text_align_last_edited=\u00a0\u00bbon|desktop\u00a0\u00bb price_text_color_tablet=\u00a0\u00bb\u00a0\u00bb price_text_color_phone=\u00a0\u00bb\u00a0\u00bb price_text_color_last_edited=\u00a0\u00bbon|desktop\u00a0\u00bb price_font_size_tablet=\u00a0\u00bb\u00a0\u00bb price_font_size_phone=\u00a0\u00bb\u00a0\u00bb price_font_size_last_edited=\u00a0\u00bbon|desktop\u00a0\u00bb price_letter_spacing_tablet=\u00a0\u00bb\u00a0\u00bb price_letter_spacing_phone=\u00a0\u00bb\u00a0\u00bb price_letter_spacing_last_edited=\u00a0\u00bbon|desktop\u00a0\u00bb price_line_height_tablet=\u00a0\u00bb\u00a0\u00bb price_line_height_phone=\u00a0\u00bb\u00a0\u00bb price_line_height_last_edited=\u00a0\u00bbon|desktop\u00a0\u00bb sale_font_tablet=\u00a0\u00bb\u00a0\u00bb sale_font_phone=\u00a0\u00bb\u00a0\u00bb sale_font_last_edited=\u00a0\u00bbon|desktop\u00a0\u00bb sale_text_color_tablet=\u00a0\u00bb\u00a0\u00bb sale_text_color_phone=\u00a0\u00bb\u00a0\u00bb sale_text_color_last_edited=\u00a0\u00bbon|desktop\u00a0\u00bb sale_font_size_tablet=\u00a0\u00bb\u00a0\u00bb sale_font_size_phone=\u00a0\u00bb\u00a0\u00bb sale_font_size_last_edited=\u00a0\u00bbon|desktop\u00a0\u00bb sale_letter_spacing_tablet=\u00a0\u00bb\u00a0\u00bb sale_letter_spacing_phone=\u00a0\u00bb\u00a0\u00bb sale_letter_spacing_last_edited=\u00a0\u00bbon|desktop\u00a0\u00bb sale_line_height_tablet=\u00a0\u00bb\u00a0\u00bb sale_line_height_phone=\u00a0\u00bb\u00a0\u00bb sale_line_height_last_edited=\u00a0\u00bbon|desktop\u00a0\u00bb add_to_cart_font_tablet=\u00a0\u00bb\u00a0\u00bb add_to_cart_font_phone=\u00a0\u00bb\u00a0\u00bb add_to_cart_font_last_edited=\u00a0\u00bbon|desktop\u00a0\u00bb add_to_cart_text_align_tablet=\u00a0\u00bb\u00a0\u00bb add_to_cart_text_align_phone=\u00a0\u00bb\u00a0\u00bb add_to_cart_text_align_last_edited=\u00a0\u00bbon|desktop\u00a0\u00bb add_to_cart_text_color_tablet=\u00a0\u00bb#336666&Prime; add_to_cart_text_color_phone=\u00a0\u00bb#336666&Prime; add_to_cart_text_color_last_edited=\u00a0\u00bbon|desktop\u00a0\u00bb add_to_cart_font_size_tablet=\u00a0\u00bb18px\u00a0\u00bb add_to_cart_font_size_phone=\u00a0\u00bb18px\u00a0\u00bb add_to_cart_font_size_last_edited=\u00a0\u00bbon|desktop\u00a0\u00bb add_to_cart_letter_spacing_tablet=\u00a0\u00bb\u00a0\u00bb add_to_cart_letter_spacing_phone=\u00a0\u00bb\u00a0\u00bb add_to_cart_letter_spacing_last_edited=\u00a0\u00bbon|desktop\u00a0\u00bb add_to_cart_line_height_tablet=\u00a0\u00bb\u00a0\u00bb add_to_cart_line_height_phone=\u00a0\u00bb\u00a0\u00bb add_to_cart_line_height_last_edited=\u00a0\u00bbon|desktop\u00a0\u00bb border_radii_sale_badge_tablet=\u00a0\u00bb\u00a0\u00bb border_radii_sale_badge_phone=\u00a0\u00bb\u00a0\u00bb border_radii_sale_badge_last_edited=\u00a0\u00bbon|desktop\u00a0\u00bb border_width_all_sale_badge_tablet=\u00a0\u00bb\u00a0\u00bb border_width_all_sale_badge_phone=\u00a0\u00bb\u00a0\u00bb border_width_all_sale_badge_last_edited=\u00a0\u00bbon|desktop\u00a0\u00bb border_color_all_sale_badge_tablet=\u00a0\u00bb\u00a0\u00bb border_color_all_sale_badge_phone=\u00a0\u00bb\u00a0\u00bb border_color_all_sale_badge_last_edited=\u00a0\u00bbon|desktop\u00a0\u00bb border_style_all_sale_badge_tablet=\u00a0\u00bb\u00a0\u00bb border_style_all_sale_badge_phone=\u00a0\u00bb\u00a0\u00bb border_style_all_sale_badge_last_edited=\u00a0\u00bbon|desktop\u00a0\u00bb border_width_all_add_to_cart_button=\u00a0\u00bb2px\u00a0\u00bb border_color_all_add_to_cart_button=\u00a0\u00bb#336666&Prime; border_radii_add_to_cart_button_tablet=\u00a0\u00bb\u00a0\u00bb border_radii_add_to_cart_button_phone=\u00a0\u00bb\u00a0\u00bb border_radii_add_to_cart_button_last_edited=\u00a0\u00bbon|desktop\u00a0\u00bb border_width_all_add_to_cart_button_tablet=\u00a0\u00bb2px\u00a0\u00bb border_width_all_add_to_cart_button_phone=\u00a0\u00bb2px\u00a0\u00bb border_width_all_add_to_cart_button_last_edited=\u00a0\u00bbon|desktop\u00a0\u00bb border_color_all_add_to_cart_button_tablet=\u00a0\u00bb#336666&Prime; border_color_all_add_to_cart_button_phone=\u00a0\u00bb#336666&Prime; border_color_all_add_to_cart_button_last_edited=\u00a0\u00bbon|desktop\u00a0\u00bb border_style_all_add_to_cart_button_tablet=\u00a0\u00bb\u00a0\u00bb border_style_all_add_to_cart_button_phone=\u00a0\u00bb\u00a0\u00bb border_style_all_add_to_cart_button_last_edited=\u00a0\u00bbon|desktop\u00a0\u00bb global_colors_info=\u00a0\u00bb{}\u00a0\u00bb sticky_enabled=\u00a0\u00bb0&Prime;][\/dipl_woo_products][\/et_pb_column][\/et_pb_row][\/et_pb_section]<\/p>\n<span class=\"et_bloom_bottom_trigger\"><\/span>","protected":false},"excerpt":{"rendered":"<div class=\"et_pb_module dipl_woo_products dipl_woo_products_0\">\n\t\t\t\t\n\t\t\t\t\n\t\t\t\t\n\t\t\t\t\n\t\t\t\t\n\t\t\t\t\n\t\t\t\t<div class=\"et_pb_module_inner\">\n\t\t\t\t\t<div class=\"dipl_woo_products_layout layout1\"><div class=\"dipl_woo_products_isotope_item dipl_woo_products_isotope_item_page_1\"><div class=\"dipl_single_woo_product\">\r\n\t\t<div class=\"dipl_single_woo_product_thumbnail_wrapper\">\r\n\t\t\t<div class=\"dipl_single_woo_product_thumbnail\">\r\n\t\t\t\t<a href=\"https:\/\/tem-forum.org\/fr\/produit\/forum-tem-2025-early-birds\/\" title=\"Forum Tem 2025 : Early Birds\"><img width=\"1059\" height=\"1060\" src=\"https:\/\/tem-forum.org\/wp-content\/uploads\/2025\/03\/early-birds.png\" class=\"attachment-\u00bbwoocommerce_single size-\u00bbwoocommerce_single\" alt=\"Forum Tem 2025 : Early Birds\" decoding=\"async\" loading=\"lazy\" srcset=\"https:\/\/tem-forum.org\/wp-content\/uploads\/2025\/03\/early-birds.png 1059w, https:\/\/tem-forum.org\/wp-content\/uploads\/2025\/03\/early-birds-980x981.png 980w, https:\/\/tem-forum.org\/wp-content\/uploads\/2025\/03\/early-birds-480x480.png 480w\" sizes=\"(min-width: 0px) and (max-width: 480px) 480px, (min-width: 481px) and (max-width: 980px) 980px, (min-width: 981px) 1059px, 100vw\" \/> <\/a>\r\n\t\t\t<\/div>\r\n\t\t\t\r\n\t\t\t\r\n\t\t<\/div>\r\n\t\t\r\n\t\t<div class=\"dipl_single_woo_product_content\">\r\n\t\t\t<h4 class=\"dipl_single_woo_product_title\">\r\n\t\t\t\t<a href=\"https:\/\/tem-forum.org\/fr\/produit\/forum-tem-2025-early-birds\/\" title=\"Forum Tem 2025 : Early Birds\">Forum Tem 2025 : Early Birds<\/a>\r\n\t\t\t<\/h4>\r\n\t\t\t\r\n\t\t\t<div class=\"dipl_single_woo_product_price\"><span class=\"woocommerce-Price-amount amount\"><bdi><span class=\"woocommerce-Price-currencySymbol\">&euro;<\/span>&nbsp;235.00<\/bdi><\/span><\/div>\r\n\t\t\t<div class=\"dipl_single_woo_product_add_to_cart\"><p class=\"product woocommerce add_to_cart_inline\">\n                    <a href=\"\/fr\/wp-json\/wp\/v2\/pages\/6047?add-to-cart=6629\" data-quantity=\"1\" class=\"button product_type_simple add_to_cart_button ajax_add_to_cart\" data-product_id=\"6629\" data-product_sku=\"\" aria-label=\"Ajouter au panier\u00a0: &ldquo;Forum Tem 2025 : Early Birds&rdquo;\" rel=\"nofollow\" data-icon_desktop=\"\" data-icon_family_desktop=\"ETmodules\">Ajouter au panier<\/a>\n                <\/p><\/div>\r\n\t\t<\/div>\r\n\t<\/div><\/div><div class=\"dipl_woo_products_isotope_item dipl_woo_products_isotope_item_page_1\"><div class=\"dipl_single_woo_product\">\r\n\t\t<div class=\"dipl_single_woo_product_thumbnail_wrapper\">\r\n\t\t\t<div class=\"dipl_single_woo_product_thumbnail\">\r\n\t\t\t\t<a href=\"https:\/\/tem-forum.org\/fr\/produit\/forum-tem-2025\/\" title=\"Forum Tem 2025\"><img width=\"1060\" height=\"1060\" src=\"https:\/\/tem-forum.org\/wp-content\/uploads\/2025\/03\/regular.png\" class=\"attachment-\u00bbwoocommerce_single size-\u00bbwoocommerce_single\" alt=\"Forum Tem 2025\" decoding=\"async\" loading=\"lazy\" srcset=\"https:\/\/tem-forum.org\/wp-content\/uploads\/2025\/03\/regular.png 1060w, https:\/\/tem-forum.org\/wp-content\/uploads\/2025\/03\/regular-980x980.png 980w, https:\/\/tem-forum.org\/wp-content\/uploads\/2025\/03\/regular-480x480.png 480w\" sizes=\"(min-width: 0px) and (max-width: 480px) 480px, (min-width: 481px) and (max-width: 980px) 980px, (min-width: 981px) 1060px, 100vw\" \/> <\/a>\r\n\t\t\t<\/div>\r\n\t\t\t\r\n\t\t\t\r\n\t\t<\/div>\r\n\t\t\r\n\t\t<div class=\"dipl_single_woo_product_content\">\r\n\t\t\t<h4 class=\"dipl_single_woo_product_title\">\r\n\t\t\t\t<a href=\"https:\/\/tem-forum.org\/fr\/produit\/forum-tem-2025\/\" title=\"Forum Tem 2025\">Forum Tem 2025<\/a>\r\n\t\t\t<\/h4>\r\n\t\t\t\r\n\t\t\t<div class=\"dipl_single_woo_product_price\"><span class=\"woocommerce-Price-amount amount\"><bdi><span class=\"woocommerce-Price-currencySymbol\">&euro;<\/span>&nbsp;260.00<\/bdi><\/span><\/div>\r\n\t\t\t<div class=\"dipl_single_woo_product_add_to_cart\"><p class=\"product woocommerce add_to_cart_inline\">\n                    <a href=\"\/fr\/wp-json\/wp\/v2\/pages\/6047?add-to-cart=6555\" data-quantity=\"1\" class=\"button product_type_simple add_to_cart_button ajax_add_to_cart\" data-product_id=\"6555\" data-product_sku=\"\" aria-label=\"Ajouter au panier\u00a0: &ldquo;Forum Tem 2025&rdquo;\" rel=\"nofollow\" data-icon_desktop=\"\" data-icon_family_desktop=\"ETmodules\">Ajouter au panier<\/a>\n                <\/p><\/div>\r\n\t\t<\/div>\r\n\t<\/div><\/div><div class=\"dipl_woo_products_isotope_item dipl_woo_products_isotope_item_page_1\"><div class=\"dipl_single_woo_product\">\r\n\t\t<div class=\"dipl_single_woo_product_thumbnail_wrapper\">\r\n\t\t\t<div class=\"dipl_single_woo_product_thumbnail\">\r\n\t\t\t\t<a href=\"https:\/\/tem-forum.org\/fr\/produit\/forum-tem-2025-etudiant\/\" title=\"Forum TEM 2025 : \u00e9tudiant\"><img width=\"1060\" height=\"1060\" src=\"https:\/\/tem-forum.org\/wp-content\/uploads\/2025\/03\/students.png\" class=\"attachment-\u00bbwoocommerce_single size-\u00bbwoocommerce_single\" alt=\"Forum TEM 2025 : \u00e9tudiant\" decoding=\"async\" loading=\"lazy\" srcset=\"https:\/\/tem-forum.org\/wp-content\/uploads\/2025\/03\/students.png 1060w, https:\/\/tem-forum.org\/wp-content\/uploads\/2025\/03\/students-980x980.png 980w, https:\/\/tem-forum.org\/wp-content\/uploads\/2025\/03\/students-480x480.png 480w\" sizes=\"(min-width: 0px) and (max-width: 480px) 480px, (min-width: 481px) and (max-width: 980px) 980px, (min-width: 981px) 1060px, 100vw\" \/> <\/a>\r\n\t\t\t<\/div>\r\n\t\t\t\r\n\t\t\t\r\n\t\t<\/div>\r\n\t\t\r\n\t\t<div class=\"dipl_single_woo_product_content\">\r\n\t\t\t<h4 class=\"dipl_single_woo_product_title\">\r\n\t\t\t\t<a href=\"https:\/\/tem-forum.org\/fr\/produit\/forum-tem-2025-etudiant\/\" title=\"Forum TEM 2025 : \u00e9tudiant\">Forum TEM 2025 : \u00e9tudiant<\/a>\r\n\t\t\t<\/h4>\r\n\t\t\t\r\n\t\t\t<div class=\"dipl_single_woo_product_price\"><span class=\"woocommerce-Price-amount amount\"><bdi><span class=\"woocommerce-Price-currencySymbol\">&euro;<\/span>&nbsp;220.00<\/bdi><\/span><\/div>\r\n\t\t\t<div class=\"dipl_single_woo_product_add_to_cart\"><p class=\"product woocommerce add_to_cart_inline\">\n                    <a href=\"\/fr\/wp-json\/wp\/v2\/pages\/6047?add-to-cart=6560\" data-quantity=\"1\" class=\"button product_type_simple add_to_cart_button ajax_add_to_cart\" data-product_id=\"6560\" data-product_sku=\"\" aria-label=\"Ajouter au panier\u00a0: &ldquo;Forum TEM 2025 : \u00e9tudiant&rdquo;\" rel=\"nofollow\" data-icon_desktop=\"\" data-icon_family_desktop=\"ETmodules\">Ajouter au panier<\/a>\n                <\/p><\/div>\r\n\t\t<\/div>\r\n\t<\/div><\/div><div class=\"dipl_woo_products_isotope_item dipl_woo_products_isotope_item_page_1\"><div class=\"dipl_single_woo_product\">\r\n\t\t<div class=\"dipl_single_woo_product_thumbnail_wrapper\">\r\n\t\t\t<div class=\"dipl_single_woo_product_thumbnail\">\r\n\t\t\t\t<a href=\"https:\/\/tem-forum.org\/fr\/produit\/forum-tem-2025-salus\/\" title=\"Forum TEM 2025 : SALUS\"><img width=\"1060\" height=\"1060\" src=\"https:\/\/tem-forum.org\/wp-content\/uploads\/2025\/03\/salus.png\" class=\"attachment-\u00bbwoocommerce_single size-\u00bbwoocommerce_single\" alt=\"Forum TEM 2025 : SALUS\" decoding=\"async\" loading=\"lazy\" srcset=\"https:\/\/tem-forum.org\/wp-content\/uploads\/2025\/03\/salus.png 1060w, https:\/\/tem-forum.org\/wp-content\/uploads\/2025\/03\/salus-980x980.png 980w, https:\/\/tem-forum.org\/wp-content\/uploads\/2025\/03\/salus-480x480.png 480w\" sizes=\"(min-width: 0px) and (max-width: 480px) 480px, (min-width: 481px) and (max-width: 980px) 980px, (min-width: 981px) 1060px, 100vw\" \/> <\/a>\r\n\t\t\t<\/div>\r\n\t\t\t\r\n\t\t\t\r\n\t\t<\/div>\r\n\t\t\r\n\t\t<div class=\"dipl_single_woo_product_content\">\r\n\t\t\t<h4 class=\"dipl_single_woo_product_title\">\r\n\t\t\t\t<a href=\"https:\/\/tem-forum.org\/fr\/produit\/forum-tem-2025-salus\/\" title=\"Forum TEM 2025 : SALUS\">Forum TEM 2025 : SALUS<\/a>\r\n\t\t\t<\/h4>\r\n\t\t\t\r\n\t\t\t<div class=\"dipl_single_woo_product_price\"><span class=\"woocommerce-Price-amount amount\"><bdi><span class=\"woocommerce-Price-currencySymbol\">&euro;<\/span>&nbsp;208.00<\/bdi><\/span><\/div>\r\n\t\t\t<div class=\"dipl_single_woo_product_add_to_cart\"><p class=\"product woocommerce add_to_cart_inline\">\n                    <a href=\"\/fr\/wp-json\/wp\/v2\/pages\/6047?add-to-cart=6551\" data-quantity=\"1\" class=\"button product_type_simple add_to_cart_button ajax_add_to_cart\" data-product_id=\"6551\" data-product_sku=\"\" aria-label=\"Ajouter au panier\u00a0: &ldquo;Forum TEM 2025 : SALUS&rdquo;\" rel=\"nofollow\" data-icon_desktop=\"\" data-icon_family_desktop=\"ETmodules\">Ajouter au panier<\/a>\n                <\/p><\/div>\r\n\t\t<\/div>\r\n\t<\/div><\/div><div class=\"dipl_woo_products_isotope_item dipl_woo_products_isotope_item_page_1\"><div class=\"dipl_single_woo_product dipl_out_of_stock_product\">\r\n\t\t<div class=\"dipl_single_woo_product_thumbnail_wrapper\">\r\n\t\t\t<div class=\"dipl_single_woo_product_thumbnail\">\r\n\t\t\t\t<a href=\"https:\/\/tem-forum.org\/fr\/produit\/accompagnement-chasse-au-tresor-et-soiree-festive-au-chateau\/\" title=\"Accompagnement chasse au tr\u00e9sor et soir\u00e9e festive au ch\u00e2teau\"><img width=\"1060\" height=\"1060\" src=\"https:\/\/tem-forum.org\/wp-content\/uploads\/2024\/02\/Begleitperson.png\" class=\"attachment-\u00bbwoocommerce_single size-\u00bbwoocommerce_single\" alt=\"Accompagnement chasse au tr\u00e9sor et soir\u00e9e festive au ch\u00e2teau\" decoding=\"async\" loading=\"lazy\" srcset=\"https:\/\/tem-forum.org\/wp-content\/uploads\/2024\/02\/Begleitperson.png 1060w, https:\/\/tem-forum.org\/wp-content\/uploads\/2024\/02\/Begleitperson-980x980.png 980w, https:\/\/tem-forum.org\/wp-content\/uploads\/2024\/02\/Begleitperson-480x480.png 480w\" sizes=\"(min-width: 0px) and (max-width: 480px) 480px, (min-width: 481px) and (max-width: 980px) 980px, (min-width: 981px) 1060px, 100vw\" \/> <\/a>\r\n\t\t\t<\/div>\r\n\t\t\t\r\n\t\t\t\r\n\t\t<\/div>\r\n\t\t\r\n\t\t<div class=\"dipl_single_woo_product_content\">\r\n\t\t\t<h4 class=\"dipl_single_woo_product_title\">\r\n\t\t\t\t<a href=\"https:\/\/tem-forum.org\/fr\/produit\/accompagnement-chasse-au-tresor-et-soiree-festive-au-chateau\/\" title=\"Accompagnement chasse au tr\u00e9sor et soir\u00e9e festive au ch\u00e2teau\">Accompagnement chasse au tr\u00e9sor et soir\u00e9e festive au ch\u00e2teau<\/a>\r\n\t\t\t<\/h4>\r\n\t\t\t\r\n\t\t\t<div class=\"dipl_single_woo_product_price\"><span class=\"woocommerce-Price-amount amount\"><bdi><span class=\"woocommerce-Price-currencySymbol\">&euro;<\/span>&nbsp;90.00<\/bdi><\/span><\/div>\r\n\t\t\t<div class=\"dipl_single_woo_product_add_to_cart\"><p class=\"product woocommerce add_to_cart_inline\">\n                    <a href=\"https:\/\/tem-forum.org\/fr\/produit\/accompagnement-chasse-au-tresor-et-soiree-festive-au-chateau\/\" data-quantity=\"1\" class=\"button product_type_simple\" data-product_id=\"5218\" data-product_sku=\"\" aria-label=\"En savoir plus sur &ldquo;Accompagnement chasse au tr\u00e9sor et soir\u00e9e festive au ch\u00e2teau&rdquo;\" rel=\"nofollow\" data-icon_desktop=\"\" data-icon_family_desktop=\"ETmodules\">Lire la suite<\/a>\n                <\/p><\/div>\r\n\t\t<\/div>\r\n\t<\/div><\/div><\/div>\n\t\t\t\t<\/div>\n\t\t\t<\/div>\n","protected":false},"author":1,"featured_media":0,"parent":0,"menu_order":0,"comment_status":"closed","ping_status":"closed","template":"","meta":{"_et_pb_use_builder":"on","_et_pb_old_content":"","_et_gb_content_width":"","footnotes":""},"class_list":["post-6047","page","type-page","status-publish","hentry"],"_links":{"self":[{"href":"https:\/\/tem-forum.org\/fr\/wp-json\/wp\/v2\/pages\/6047","targetHints":{"allow":["GET"]}}],"collection":[{"href":"https:\/\/tem-forum.org\/fr\/wp-json\/wp\/v2\/pages"}],"about":[{"href":"https:\/\/tem-forum.org\/fr\/wp-json\/wp\/v2\/types\/page"}],"author":[{"embeddable":true,"href":"https:\/\/tem-forum.org\/fr\/wp-json\/wp\/v2\/users\/1"}],"replies":[{"embeddable":true,"href":"https:\/\/tem-forum.org\/fr\/wp-json\/wp\/v2\/comments?post=6047"}],"version-history":[{"count":1,"href":"https:\/\/tem-forum.org\/fr\/wp-json\/wp\/v2\/pages\/6047\/revisions"}],"predecessor-version":[{"id":6052,"href":"https:\/\/tem-forum.org\/fr\/wp-json\/wp\/v2\/pages\/6047\/revisions\/6052"}],"wp:attachment":[{"href":"https:\/\/tem-forum.org\/fr\/wp-json\/wp\/v2\/media?parent=6047"}],"curies":[{"name":"wp","href":"https:\/\/api.w.org\/{rel}","templated":true}]}}