{"id":5218,"date":"2024-02-22T19:27:57","date_gmt":"2024-02-22T19:27:57","guid":{"rendered":"https:\/\/tem-forum.org\/product\/accompagnement-chasse-au-tresor-et-soiree-festive-au-chateau\/"},"modified":"2024-02-22T19:27:57","modified_gmt":"2024-02-22T19:27:57","slug":"accompagnement-chasse-au-tresor-et-soiree-festive-au-chateau","status":"publish","type":"product","link":"https:\/\/tem-forum.org\/fr\/produit\/accompagnement-chasse-au-tresor-et-soiree-festive-au-chateau\/","title":{"rendered":"Accompagnement chasse au tr\u00e9sor et soir\u00e9e festive au ch\u00e2teau"},"content":{"rendered":"<span class=\"et_bloom_bottom_trigger\"><\/span>","protected":false},"excerpt":{"rendered":"","protected":false},"featured_media":5242,"comment_status":"open","ping_status":"closed","template":"","meta":{"_et_pb_use_builder":"","_et_pb_old_content":"","_et_gb_content_width":""},"product_brand":[],"product_cat":[],"product_tag":[],"class_list":{"0":"post-5218","1":"product","2":"type-product","3":"status-publish","4":"has-post-thumbnail","7":"first","8":"outofstock","9":"virtual","10":"purchasable","11":"product-type-simple"},"_links":{"self":[{"href":"https:\/\/tem-forum.org\/fr\/wp-json\/wp\/v2\/product\/5218","targetHints":{"allow":["GET"]}}],"collection":[{"href":"https:\/\/tem-forum.org\/fr\/wp-json\/wp\/v2\/product"}],"about":[{"href":"https:\/\/tem-forum.org\/fr\/wp-json\/wp\/v2\/types\/product"}],"replies":[{"embeddable":true,"href":"https:\/\/tem-forum.org\/fr\/wp-json\/wp\/v2\/comments?post=5218"}],"wp:featuredmedia":[{"embeddable":true,"href":"https:\/\/tem-forum.org\/fr\/wp-json\/wp\/v2\/media\/5242"}],"wp:attachment":[{"href":"https:\/\/tem-forum.org\/fr\/wp-json\/wp\/v2\/media?parent=5218"}],"wp:term":[{"taxonomy":"product_brand","embeddable":true,"href":"https:\/\/tem-forum.org\/fr\/wp-json\/wp\/v2\/product_brand?post=5218"},{"taxonomy":"product_cat","embeddable":true,"href":"https:\/\/tem-forum.org\/fr\/wp-json\/wp\/v2\/product_cat?post=5218"},{"taxonomy":"product_tag","embeddable":true,"href":"https:\/\/tem-forum.org\/fr\/wp-json\/wp\/v2\/product_tag?post=5218"}],"curies":[{"name":"wp","href":"https:\/\/api.w.org\/{rel}","templated":true}]}}