{"id":6551,"date":"2025-03-08T12:30:03","date_gmt":"2025-03-08T12:30:03","guid":{"rendered":"https:\/\/tem-forum.org\/product\/forum-tem-2025-salus\/"},"modified":"2025-03-12T17:07:44","modified_gmt":"2025-03-12T17:07:44","slug":"forum-tem-2025-salus","status":"publish","type":"product","link":"https:\/\/tem-forum.org\/fr\/produit\/forum-tem-2025-salus\/","title":{"rendered":"Forum TEM 2025 : SALUS"},"content":{"rendered":"<span class=\"et_bloom_bottom_trigger\"><\/span>","protected":false},"excerpt":{"rendered":"<p><strong data-start=\"94\" data-end=\"136\">Exclusivement r\u00e9serv\u00e9 aux membres de Rete SALUS<\/strong> &#8211; Vivez l&rsquo;\u00e9v\u00e9nement international de r\u00e9f\u00e9rence sur la m\u00e9decine traditionnelle europ\u00e9enne.<\/p>\n","protected":false},"featured_media":6671,"comment_status":"open","ping_status":"closed","template":"","meta":{"_et_pb_use_builder":"","_et_pb_old_content":"","_et_gb_content_width":""},"product_brand":[],"product_cat":[120],"product_tag":[],"class_list":{"0":"post-6551","1":"product","2":"type-product","3":"status-publish","4":"has-post-thumbnail","6":"product_cat-billet","8":"first","9":"instock","10":"shipping-taxable","11":"purchasable","12":"product-type-simple"},"_links":{"self":[{"href":"https:\/\/tem-forum.org\/fr\/wp-json\/wp\/v2\/product\/6551","targetHints":{"allow":["GET"]}}],"collection":[{"href":"https:\/\/tem-forum.org\/fr\/wp-json\/wp\/v2\/product"}],"about":[{"href":"https:\/\/tem-forum.org\/fr\/wp-json\/wp\/v2\/types\/product"}],"replies":[{"embeddable":true,"href":"https:\/\/tem-forum.org\/fr\/wp-json\/wp\/v2\/comments?post=6551"}],"wp:featuredmedia":[{"embeddable":true,"href":"https:\/\/tem-forum.org\/fr\/wp-json\/wp\/v2\/media\/6671"}],"wp:attachment":[{"href":"https:\/\/tem-forum.org\/fr\/wp-json\/wp\/v2\/media?parent=6551"}],"wp:term":[{"taxonomy":"product_brand","embeddable":true,"href":"https:\/\/tem-forum.org\/fr\/wp-json\/wp\/v2\/product_brand?post=6551"},{"taxonomy":"product_cat","embeddable":true,"href":"https:\/\/tem-forum.org\/fr\/wp-json\/wp\/v2\/product_cat?post=6551"},{"taxonomy":"product_tag","embeddable":true,"href":"https:\/\/tem-forum.org\/fr\/wp-json\/wp\/v2\/product_tag?post=6551"}],"curies":[{"name":"wp","href":"https:\/\/api.w.org\/{rel}","templated":true}]}}