{"id":6629,"date":"2025-03-09T20:15:13","date_gmt":"2025-03-09T20:15:13","guid":{"rendered":"https:\/\/tem-forum.org\/product\/forum-tem-2025-early-birds\/"},"modified":"2025-03-12T17:09:30","modified_gmt":"2025-03-12T17:09:30","slug":"forum-tem-2025-early-birds","status":"publish","type":"product","link":"https:\/\/tem-forum.org\/fr\/produit\/forum-tem-2025-early-birds\/","title":{"rendered":"Forum Tem 2025 : Early Birds"},"content":{"rendered":"<span class=\"et_bloom_bottom_trigger\"><\/span>","protected":false},"excerpt":{"rendered":"<p>D\u00e9p\u00eachez-vous et obtenez des billets limit\u00e9s \u00e0 un prix sp\u00e9cial.<br \/>\nJusqu&rsquo;au 25 mars seulement !<\/p>\n","protected":false},"featured_media":6661,"comment_status":"open","ping_status":"closed","template":"","meta":{"_et_pb_use_builder":"","_et_pb_old_content":"","_et_gb_content_width":""},"product_brand":[],"product_cat":[120],"product_tag":[],"class_list":{"0":"post-6629","1":"product","2":"type-product","3":"status-publish","4":"has-post-thumbnail","6":"product_cat-billet","8":"first","9":"instock","10":"virtual","11":"purchasable","12":"product-type-simple"},"_links":{"self":[{"href":"https:\/\/tem-forum.org\/fr\/wp-json\/wp\/v2\/product\/6629","targetHints":{"allow":["GET"]}}],"collection":[{"href":"https:\/\/tem-forum.org\/fr\/wp-json\/wp\/v2\/product"}],"about":[{"href":"https:\/\/tem-forum.org\/fr\/wp-json\/wp\/v2\/types\/product"}],"replies":[{"embeddable":true,"href":"https:\/\/tem-forum.org\/fr\/wp-json\/wp\/v2\/comments?post=6629"}],"wp:featuredmedia":[{"embeddable":true,"href":"https:\/\/tem-forum.org\/fr\/wp-json\/wp\/v2\/media\/6661"}],"wp:attachment":[{"href":"https:\/\/tem-forum.org\/fr\/wp-json\/wp\/v2\/media?parent=6629"}],"wp:term":[{"taxonomy":"product_brand","embeddable":true,"href":"https:\/\/tem-forum.org\/fr\/wp-json\/wp\/v2\/product_brand?post=6629"},{"taxonomy":"product_cat","embeddable":true,"href":"https:\/\/tem-forum.org\/fr\/wp-json\/wp\/v2\/product_cat?post=6629"},{"taxonomy":"product_tag","embeddable":true,"href":"https:\/\/tem-forum.org\/fr\/wp-json\/wp\/v2\/product_tag?post=6629"}],"curies":[{"name":"wp","href":"https:\/\/api.w.org\/{rel}","templated":true}]}}