{"id":4939,"date":"2023-11-15T19:46:01","date_gmt":"2023-11-15T19:46:01","guid":{"rendered":"https:\/\/tem-forum.org\/tem-forum-2024\/"},"modified":"2025-06-11T20:05:38","modified_gmt":"2025-06-11T20:05:38","slug":"tem-forum-2024","status":"publish","type":"page","link":"https:\/\/tem-forum.org\/it\/tem-forum-2024\/","title":{"rendered":"TEM-Forum 2024"},"content":{"rendered":"<p>[et_pb_section fb_built=&#8221;1&#8243; _builder_version=&#8221;4.25.1&#8243; _module_preset=&#8221;default&#8221; background_enable_color=&#8221;off&#8221; use_background_color_gradient=&#8221;on&#8221; background_color_gradient_direction=&#8221;130deg&#8221; background_color_gradient_stops=&#8221;gcid-18d4a12a-3b27-4734-b273-fd1074866b40 0%|gcid-18d4a12a-3b27-4734-b273-fd1074866b40 43%|rgba(247,247,246,0) 43%|rgba(255,255,255,0) 72%|#663399 72%&#8221; background_color_gradient_overlays_image=&#8221;on&#8221; background_image=&#8221;https:\/\/tem-forum.org\/wp-content\/uploads\/2023\/11\/Nationalbibliothek.jpg&#8221; background_last_edited=&#8221;on|desktop&#8221; background_color_gradient_direction_phone=&#8221;156deg&#8221; locked=&#8221;off&#8221; global_colors_info=&#8221;{%22gcid-260f8697-bd40-4588-bd6b-cf2fc459503b%22:%91%22background_color%22%93,%22gcid-18d4a12a-3b27-4734-b273-fd1074866b40%22:%91%22background_color_gradient_stops%22%93}&#8221;][et_pb_row column_structure=&#8221;1_2,1_2&#8243; _builder_version=&#8221;4.18.0&#8243; _module_preset=&#8221;default&#8221; global_colors_info=&#8221;{}&#8221;][et_pb_column type=&#8221;1_2&#8243; _builder_version=&#8221;4.18.0&#8243; _module_preset=&#8221;default&#8221; global_colors_info=&#8221;{}&#8221;][et_pb_text _builder_version=&#8221;4.23.1&#8243; _module_preset=&#8221;default&#8221; background_layout=&#8221;dark&#8221; global_colors_info=&#8221;{}&#8221;]<\/p>\n<h1><strong>TEM-Forum 2024<\/strong><\/h1>\n<p>[\/et_pb_text][et_pb_button button_url=&#8221;https:\/\/tem-forum.org\/wp-content\/uploads\/2023\/04\/Programm-TEM-Forum-17-06-2023-1.png&#8221; button_text=&#8221;Scarica il programma&#8221; button_alignment=&#8221;left&#8221; button_text_tablet=&#8221;Registrati ora&#8221; button_text_phone=&#8221;Registrati ora&#8221; button_text_last_edited=&#8221;on|desktop&#8221; button_alignment_last_edited=&#8221;off|desktop&#8221; disabled_on=&#8221;on|on|on&#8221; _builder_version=&#8221;4.23.1&#8243; _module_preset=&#8221;default&#8221; custom_button=&#8221;on&#8221; button_text_color=&#8221;gcid-db95cbc7-16c5-4496-9b15-4a27a5a72505&#8243; button_border_width=&#8221;0px&#8221; button_border_color=&#8221;gcid-db95cbc7-16c5-4496-9b15-4a27a5a72505&#8243; button_icon=&#8221;&#x24;||divi||400&#8243; custom_margin=&#8221;0px||||false|false&#8221; custom_margin_tablet=&#8221;0px||||false|false&#8221; custom_margin_phone=&#8221;0px||||false|false&#8221; custom_margin_last_edited=&#8221;on|desktop&#8221; custom_padding=&#8221;0px|||0px|false|false&#8221; custom_padding_tablet=&#8221;0px|||0px|false|false&#8221; custom_padding_phone=&#8221;0px|||0px|false|false&#8221; custom_padding_last_edited=&#8221;on|desktop&#8221; overflow-x_tablet=&#8221;&#8221; overflow-x_phone=&#8221;&#8221; overflow-x_last_edited=&#8221;on|desktop&#8221; overflow-y_tablet=&#8221;&#8221; overflow-y_phone=&#8221;&#8221; overflow-y_last_edited=&#8221;on|desktop&#8221; disabled=&#8221;on&#8221; locked=&#8221;off&#8221; global_colors_info=&#8221;{%22gcid-db95cbc7-16c5-4496-9b15-4a27a5a72505%22:%91%22button_text_color%22,%22button_border_color%22%93}&#8221;][\/et_pb_button][et_pb_image src=&#8221;https:\/\/tem-forum.org\/wp-content\/uploads\/2024\/06\/meeting-vienna.png&#8221; title_text=&#8221;riunione a vienna&#8221; src_tablet=&#8221;https:\/\/tem-forum.org\/wp-content\/uploads\/2024\/06\/meeting-vienna.png&#8221; src_phone=&#8221;https:\/\/tem-forum.org\/wp-content\/uploads\/2024\/06\/meeting-vienna.png&#8221; src_last_edited=&#8221;on|desktop&#8221; _builder_version=&#8221;4.25.1&#8243; _module_preset=&#8221;default&#8221; width=&#8221;39%&#8221; width_tablet=&#8221;39%&#8221; width_phone=&#8221;39%&#8221; width_last_edited=&#8221;on|desktop&#8221; max_width=&#8221;51%&#8221; max_width_tablet=&#8221;51%&#8221; max_width_phone=&#8221;51%&#8221; max_width_last_edited=&#8221;on|desktop&#8221; min_height_tablet=&#8221;&#8221; min_height_phone=&#8221;&#8221; min_height_last_edited=&#8221;on|desktop&#8221; height_tablet=&#8221;&#8221; height_phone=&#8221;&#8221; height_last_edited=&#8221;on|desktop&#8221; max_height_tablet=&#8221;&#8221; max_height_phone=&#8221;&#8221; max_height_last_edited=&#8221;on|desktop&#8221; module_alignment_tablet=&#8221;&#8221; module_alignment_phone=&#8221;&#8221; module_alignment_last_edited=&#8221;on|desktop&#8221; global_colors_info=&#8221;{}&#8221;][\/et_pb_image][\/et_pb_column][et_pb_column type=&#8221;1_2&#8243; _builder_version=&#8221;4.18.0&#8243; _module_preset=&#8221;default&#8221; global_colors_info=&#8221;{}&#8221;][et_pb_image src=&#8221;https:\/\/tem-forum.org\/wp-content\/uploads\/2024\/05\/UNESCO-1.png&#8221; title_text=&#8221;UNESCO 1&#8243; align=&#8221;right&#8221; src_last_edited=&#8221;off|tablet&#8221; align_tablet=&#8221;left&#8221; align_phone=&#8221;left&#8221; align_last_edited=&#8221;on|desktop&#8221; _builder_version=&#8221;4.25.1&#8243; _module_preset=&#8221;default&#8221; width_tablet=&#8221;&#8221; width_phone=&#8221;&#8221; width_last_edited=&#8221;on|desktop&#8221; max_width_tablet=&#8221;&#8221; max_width_phone=&#8221;&#8221; max_width_last_edited=&#8221;on|desktop&#8221; min_height_tablet=&#8221;&#8221; min_height_phone=&#8221;&#8221; min_height_last_edited=&#8221;on|desktop&#8221; height_tablet=&#8221;&#8221; height_phone=&#8221;&#8221; height_last_edited=&#8221;on|desktop&#8221; max_height=&#8221;170px&#8221; max_height_tablet=&#8221;120px&#8221; max_height_phone=&#8221;100px&#8221; max_height_last_edited=&#8221;on|tablet&#8221; module_alignment_tablet=&#8221;&#8221; module_alignment_phone=&#8221;&#8221; module_alignment_last_edited=&#8221;on|desktop&#8221; global_colors_info=&#8221;{}&#8221;][\/et_pb_image][\/et_pb_column][\/et_pb_row][\/et_pb_section][et_pb_section fb_built=&#8221;1&#8243; _builder_version=&#8221;4.24.0&#8243; _module_preset=&#8221;default&#8221; global_colors_info=&#8221;{}&#8221;][et_pb_row disabled_on=&#8221;off|off|off&#8221; _builder_version=&#8221;4.27.0&#8243; _module_preset=&#8221;default&#8221; custom_padding=&#8221;2px|||||&#8221; overflow-x_tablet=&#8221;&#8221; overflow-x_phone=&#8221;&#8221; overflow-x_last_edited=&#8221;on|desktop&#8221; overflow-y_tablet=&#8221;&#8221; overflow-y_phone=&#8221;&#8221; overflow-y_last_edited=&#8221;on|desktop&#8221; locked=&#8221;off&#8221; global_colors_info=&#8221;{}&#8221;][et_pb_column type=&#8221;4_4&#8243; _builder_version=&#8221;4.19.0&#8243; _module_preset=&#8221;default&#8221; background_color=&#8221;#336666&#8243; background_last_edited=&#8221;on|desktop&#8221; border_radii=&#8221;off|50px||50px|&#8221; border_radii_tablet=&#8221;off|50px||50px|&#8221; border_radii_phone=&#8221;off|50px||50px|&#8221; border_radii_last_edited=&#8221;on|desktop&#8221; border_width_all_tablet=&#8221;&#8221; border_width_all_phone=&#8221;&#8221; border_width_all_last_edited=&#8221;on|desktop&#8221; border_color_all_tablet=&#8221;&#8221; border_color_all_phone=&#8221;&#8221; border_color_all_last_edited=&#8221;on|desktop&#8221; border_style_all_tablet=&#8221;&#8221; border_style_all_phone=&#8221;&#8221; border_style_all_last_edited=&#8221;on|desktop&#8221; box_shadow_style=&#8221;preset2&#8243; box_shadow_horizontal_tablet=&#8221;&#8221; box_shadow_horizontal_phone=&#8221;&#8221; box_shadow_horizontal_last_edited=&#8221;on|desktop&#8221; box_shadow_vertical_tablet=&#8221;&#8221; box_shadow_vertical_phone=&#8221;&#8221; box_shadow_vertical_last_edited=&#8221;on|desktop&#8221; box_shadow_blur_tablet=&#8221;&#8221; box_shadow_blur_phone=&#8221;&#8221; box_shadow_blur_last_edited=&#8221;on|desktop&#8221; box_shadow_spread_tablet=&#8221;&#8221; box_shadow_spread_phone=&#8221;&#8221; box_shadow_spread_last_edited=&#8221;on|desktop&#8221; box_shadow_color_tablet=&#8221;&#8221; box_shadow_color_phone=&#8221;&#8221; box_shadow_color_last_edited=&#8221;on|desktop&#8221; box_shadow_position_tablet=&#8221;&#8221; box_shadow_position_phone=&#8221;&#8221; box_shadow_position_last_edited=&#8221;on|desktop&#8221; global_colors_info=&#8221;{}&#8221;][et_pb_text content_tablet=&#8221;<\/p>\n<h1 style=%22text-align: center;%22><strong>I nostri migliori relatori<\/strong><\/h1>\n<ul>\n<li><strong>Louis Hutter<\/strong> (Presidente Forum GST) &amp;<br \/><strong>Karl-Heinz Steinmetz <\/strong>(Vicepresidente Forum GST)<br \/>Situazione attuale e prospettive basate su un sondaggio online a livello europeo<\/li>\n<li><strong>Annette Kerckhoff<\/strong> (Professore di Scienze della Salute, Berlino)<br \/>Rendere visibili le donne invisibili della GST!<\/li>\n<li><strong>Dr. Kornel Dora<\/strong> (Direttore della Biblioteca dell&apos;Abbazia di San Gallo)<br \/>La medicina nell&apos;alto medioevo a San Gallo<\/li>\n<\/ul>\n<p>&#8221; content_phone=&#8221;<\/p>\n<h1 style=%22text-align: center;%22><strong>I nostri migliori relatori<\/strong><\/h1>\n<ul>\n<li><strong>Louis Hutter<\/strong> (Presidente Forum GST) &amp;<br \/><strong>Karl-Heinz Steinmetz <\/strong>(Vicepresidente Forum GST)<br \/>Situazione attuale e prospettive basate su un sondaggio online a livello europeo<\/li>\n<li><strong>Annette Kerckhoff<\/strong> (Professore di Scienze della Salute, Berlino)<br \/>Rendere visibili le donne invisibili della GST!<\/li>\n<li><strong>Dr. Kornel Dora<\/strong> (Direttore della Biblioteca dell&apos;Abbazia di San Gallo)<br \/>La medicina nell&apos;alto medioevo a San Gallo<\/li>\n<\/ul>\n<p>&#8221; content_last_edited=&#8221;off|desktop&#8221; _builder_version=&#8221;4.27.0&#8243; _module_preset=&#8221;b2d121c7-a347-42a3-9b67-9cf49b54472a&#8221; text_text_color=&#8221;gcid-db95cbc7-16c5-4496-9b15-4a27a5a72505&#8243; header_text_align=&#8221;center&#8221; header_text_color=&#8221;gcid-db95cbc7-16c5-4496-9b15-4a27a5a72505&#8243; header_line_height=&#8221;1.3em&#8221; header_2_text_color=&#8221;#FFFFFF&#8221; background_enable_color=&#8221;off&#8221; width=&#8221;102.5%&#8221; custom_margin=&#8221;||0px||false|false&#8221; custom_margin_tablet=&#8221;||0px|0px|false|false&#8221; custom_margin_phone=&#8221;||0px|-1px|false|false&#8221; custom_margin_last_edited=&#8221;off|desktop&#8221; custom_padding=&#8221;30px|60px|0px|60px|false|true&#8221; custom_padding_tablet=&#8221;30px|60px|0px|60px|false|true&#8221; custom_padding_phone=&#8221;30px|10px|0px|10px|false|true&#8221; custom_padding_last_edited=&#8221;on|phone&#8221; background_last_edited=&#8221;off|desktop&#8221; border_radii=&#8221;off||||&#8221; border_radii_tablet=&#8221;off||||&#8221; border_radii_phone=&#8221;off||||&#8221; border_radii_last_edited=&#8221;on|desktop&#8221; border_width_all_tablet=&#8221;&#8221; border_width_all_phone=&#8221;&#8221; border_width_all_last_edited=&#8221;on|desktop&#8221; border_color_all_tablet=&#8221;&#8221; border_color_all_phone=&#8221;&#8221; border_color_all_last_edited=&#8221;on|desktop&#8221; border_style_all_tablet=&#8221;&#8221; border_style_all_phone=&#8221;&#8221; border_style_all_last_edited=&#8221;on|desktop&#8221; global_colors_info=&#8221;{%22gcid-db95cbc7-16c5-4496-9b15-4a27a5a72505%22:%91%22text_text_color%22,%22header_text_color%22,%22text_text_color%22%93,%22gcid-714c981f-d4bf-47ea-9099-d051df1b3d8f%22:%91%22background_color%22%93}&#8221;]<\/p>\n<h2 style=\"text-align: center;\"><strong> TEM-Forum 2024 R\u00fcckblick<\/strong><\/h2>\n<p style=\"text-align: center;\"><strong>Erhalten sie einen Eindruck aus Wien vom 2. TEM-Forum<\/strong><\/p>\n<p>[\/et_pb_text][et_pb_button button_url=&#8221;https:\/\/www.youtube.com\/watch?v=ah49jC3n0G0&#8243; url_new_window=&#8221;on&#8221; button_text=&#8221;TEM-Forum 2024&#8243; button_alignment=&#8221;center&#8221; button_text_tablet=&#8221;TEM-Forum 2024&#8243; button_text_phone=&#8221;TEM-Forum 2024&#8243; button_text_last_edited=&#8221;on|desktop&#8221; button_alignment_tablet=&#8221;center&#8221; button_alignment_phone=&#8221;center&#8221; button_alignment_last_edited=&#8221;on|desktop&#8221; _builder_version=&#8221;4.27.0&#8243; _module_preset=&#8221;default&#8221; custom_button=&#8221;on&#8221; button_border_color=&#8221;#FFFFFF&#8221; custom_margin=&#8221;54px||35px||false|false&#8221; custom_margin_tablet=&#8221;54px||35px||false|false&#8221; custom_margin_phone=&#8221;54px||35px||false|false&#8221; custom_margin_last_edited=&#8221;on|desktop&#8221; custom_padding_tablet=&#8221;&#8221; custom_padding_phone=&#8221;&#8221; custom_padding_last_edited=&#8221;on|desktop&#8221; background_layout_tablet=&#8221;&#8221; background_layout_phone=&#8221;&#8221; background_layout_last_edited=&#8221;on|desktop&#8221; global_colors_info=&#8221;{}&#8221; button_text_color__hover_enabled=&#8221;on|hover&#8221; button_text_color__hover=&#8221;#FFFFFF&#8221;][\/et_pb_button][\/et_pb_column][\/et_pb_row][et_pb_row _builder_version=&#8221;4.27.4&#8243; _module_preset=&#8221;default&#8221; hover_enabled=&#8221;0&#8243; global_colors_info=&#8221;{}&#8221; sticky_enabled=&#8221;0&#8243;][et_pb_column type=&#8221;4_4&#8243; _builder_version=&#8221;4.23.1&#8243; _module_preset=&#8221;default&#8221; global_colors_info=&#8221;{}&#8221;][et_pb_text _builder_version=&#8221;4.25.1&#8243; _module_preset=&#8221;default&#8221; global_colors_info=&#8221;{}&#8221;]<\/p>\n<h2><span style=\"color: #ff0000;\"><strong>Conferenza esaurita!<\/strong><\/span><\/h2>\n<p>La situazione meteorologica generale sta cambiando: la GST \u00e8 in aumento da diversi anni e si sta aprendo una finestra di opportunit\u00e0. Sii presente quando, a met\u00e0 giugno, fisseremo la bussola nella citt\u00e0 GST di Vienna e partiremo! Il Forum GST ti offre un programma vario:  <\/p>\n<ul>\n<li>con presentazioni stimolanti da parte di esperti<\/li>\n<li>con uno spazio per conoscersi, fare rete e creare<\/li>\n<li>con una serata di festa nel castello per celebrare la vita<\/li>\n<\/ul>\n<p class=\"p1\">\n<p>[\/et_pb_text][\/et_pb_column][\/et_pb_row][\/et_pb_section][et_pb_section fb_built=&#8221;1&#8243; _builder_version=&#8221;4.23.1&#8243; _module_preset=&#8221;default&#8221; custom_padding=&#8221;5px|||||&#8221; global_colors_info=&#8221;{}&#8221;][et_pb_row column_structure=&#8221;1_2,1_2&#8243; _builder_version=&#8221;4.24.0&#8243; _module_preset=&#8221;default&#8221; custom_padding=&#8221;0px|||||&#8221; global_colors_info=&#8221;{}&#8221;][et_pb_column type=&#8221;1_2&#8243; _builder_version=&#8221;4.23.1&#8243; _module_preset=&#8221;default&#8221; global_colors_info=&#8221;{}&#8221;][et_pb_text content_last_edited=&#8221;off|desktop&#8221; _builder_version=&#8221;4.25.0&#8243; _module_preset=&#8221;default&#8221; header_2_text_color=&#8221;#00CC99&#8243; header_3_text_color=&#8221;#663399&#8243; global_colors_info=&#8221;{}&#8221;]<\/p>\n<h2>Programma:<\/h2>\n<h3>Luoghi dell&#8217;evento:<\/h3>\n<ul>\n<li><strong>Sede della conferenza e ritrovo: <\/strong>\u00d6sterreichische Gesellschaft vom Goldenen Kreuze, K\u00e4rnter Str. 26 \/ Marco-d&#8217;Aviano-Gasse 1, 1010 Vienna<\/li>\n<li><strong>Serata di festa<\/strong>: Schloss Coburg zu Ebenthal,<span class=\"LrzXr\"> 2251 Ebenthal<\/span><\/li>\n<\/ul>\n<h3>Venerd\u00ec 14.06.2024<\/h3>\n<p><strong><span style=\"font-size: 19px;\">19.30: Incontro con<\/span><\/strong><strong><span style=\"font-size: 19px;\"> Specialit\u00e0 viennesi<\/span><\/strong><\/p>\n<h3>Sabato 15.06.2024<\/h3>\n<p><strong><span style=\"font-size: 19px;\">09.00-12.00: GST &#8211; Di cosa si tratta in realt\u00e0?<\/span><\/strong><\/p>\n<p><strong>Saluto<\/strong><\/p>\n<p><strong>Cinque ispirazioni<br \/><\/strong><\/p>\n<p>Impulsi di 20 minuti in inglese; dispensa disponibile in altre lingue. Scambio. Gli impulsi saranno portati avanti in modo creativo il sabato pomeriggio e concretizzati la domenica.  <\/p>\n<ul>\n<li><strong>1: Che cos&#8217;\u00e8 la GST? Come uscire dalla confusione e dal disorientamento della lingua babilonese <\/strong>\n<ul>\n<li><strong>Karl-Heinz Steinmetz<\/strong> &#8211; Presidente Forum TEM<\/li>\n<\/ul>\n<\/li>\n<li><strong>2: Documentare e proteggere la GST come patrimonio culturale immateriale &#8211; un incitamento all&#8217;azione!<\/strong>\n<ul>\n<li><strong>Michaela Noseck-Licul<\/strong> &#8211; Antropologa culturale<\/li>\n<\/ul>\n<\/li>\n<li><strong>3: GST &#8211; lo sforzo \u00e8 ripagato?<\/strong>\n<ul>\n<li><strong>Harald Hafner<\/strong> &#8211; Esperto di marketing<\/li>\n<\/ul>\n<\/li>\n<li><strong>4: Un futuro internazionale per la GST &#8211; quo vadis?<\/strong>\n<ul>\n<li><strong>Nora Laubstein<\/strong> &#8211; Associazione Naturopatica Tedesca DNB<\/li>\n<\/ul>\n<\/li>\n<li><strong>5: Medicina umorale basata sull&#8217;evidenza: funziona?<\/strong>\n<ul>\n<li><strong>Meysam Shirzad <\/strong>&#8211; Esperto di medicina umorale<\/li>\n<\/ul>\n<\/li>\n<li><strong>Moderazione: Harald R. Preyer<\/strong> &#8211; Ospite e relatore<\/li>\n<\/ul>\n<p><strong><span style=\"font-size: 19px;\">13.00-16.00: Caccia al tesoro GST<\/span><\/strong><\/p>\n<p>Con quattro impulsi nello zaino, scopriamo i tesori della GST nel centro di Vienna:<\/p>\n<ul>\n<li><strong>Kunsthistorisches Museum<\/strong> &#8211; Diagnosi e terapia in immagini<\/li>\n<li><strong>Arkadenhof dell&#8217;Universit\u00e0 di Vienna<\/strong> &#8211; GST come scienza e arte di guarigione libera<\/li>\n<li><strong>Cattedrale di Santo Stefano<\/strong> &#8211; Quattro temperamenti e parto cesareo<\/li>\n<li><strong>Elisabetinenapotheke<\/strong> &#8211; Ricette appena scoperte della medicina del monastero<\/li>\n<li><strong>Sala terrena Deutschordenshaus<\/strong> &#8211; Chiosco della salute TEM<\/li>\n<\/ul>\n<p><strong><span style=\"font-size: 19px;\">17.00: Scambio amichevole di idee &#8211; durante il viaggio in autobus verso il castello<br \/><\/span><\/strong><\/p>\n<p><strong><span style=\"font-size: 19px;\">Serata di festa al Castello di Coburgo a Ebenthal<\/span><\/strong><\/p>\n<ul>\n<li>Ricevimento con amuse guele da GST e vino<\/li>\n<li><strong>Presentazione del Premio ANME per la Sponsorizzazione 2024 &#8211; <\/strong><strong>Laudatore: Nora Laubstein<\/strong><\/li>\n<li>Buffet GST<\/li>\n<li>Musica da tavolo e danza: Il quartetto musicale<\/li>\n<\/ul>\n<p><strong><span style=\"font-size: 19px;\">Ore 22.30: Un finale allegro: il viaggio in autobus verso Vienna.<br \/><\/span><\/strong><\/p>\n<h3>Domenica 16.06.2024<\/h3>\n<p><strong><span style=\"font-size: 19px;\">09.30-12.00: Muoviamo le montagne insieme!<\/span><\/strong><\/p>\n<p>La tua esperienza e la tua passione sono richieste: aiuta a dare forma alla GST in modo creativo in uno dei quattro gruppi basati sui quattro impulsi del sabato e sulle tue impressioni sulla caccia al tesoro e sulla serata di festa:<\/p>\n<ul>\n<li><strong>1: Fai sentire la voce della GST in pubblico<\/strong><\/li>\n<li><strong>2: Progetta un progetto sul patrimonio culturale della tua regione<\/strong><\/li>\n<li><strong>3: Trasforma la qualit\u00e0 in denaro<\/strong><\/li>\n<li><strong>4: Diventiamo europei e globali<\/strong><\/li>\n<li><strong>Moderazione: Harald R. Preyer<\/strong> &#8211; Ospite e relatore<strong><\/strong><\/li>\n<\/ul>\n<ul>\n<li><strong>Conclusione: Dichiarazione di Vienna GST 2024<\/strong><\/li>\n<\/ul>\n<p>[\/et_pb_text][\/et_pb_column][et_pb_column type=&#8221;1_2&#8243; _builder_version=&#8221;4.23.1&#8243; _module_preset=&#8221;default&#8221; global_colors_info=&#8221;{}&#8221;][dipl_masonry_gallery image_ids=&#8221;4882,4832,4877,4872,4867,4862,4857,4852,4847,4842,4837,4583,4578,4573,4568,4548,4558,4553,4563,4543,4538,4508,4533,4528,4518,4513,4503,4498,4493,4523&#8243; column_spacing=&#8221;10px&#8221; number_of_columns_tablet=&#8221;&#8221; number_of_columns_phone=&#8221;&#8221; number_of_columns_last_edited=&#8221;on|desktop&#8221; column_spacing_tablet=&#8221;10px&#8221; column_spacing_phone=&#8221;10px&#8221; column_spacing_last_edited=&#8221;on|desktop&#8221; _builder_version=&#8221;4.23.1&#8243; _module_preset=&#8221;default&#8221; title_font_size=&#8221;11px&#8221; width_tablet=&#8221;&#8221; width_phone=&#8221;&#8221; width_last_edited=&#8221;on|desktop&#8221; max_width_tablet=&#8221;&#8221; max_width_phone=&#8221;&#8221; max_width_last_edited=&#8221;on|desktop&#8221; min_height_tablet=&#8221;&#8221; min_height_phone=&#8221;&#8221; min_height_last_edited=&#8221;on|desktop&#8221; height_tablet=&#8221;&#8221; height_phone=&#8221;&#8221; height_last_edited=&#8221;on|desktop&#8221; max_height_tablet=&#8221;&#8221; max_height_phone=&#8221;&#8221; max_height_last_edited=&#8221;on|desktop&#8221; custom_margin_tablet=&#8221;&#8221; custom_margin_phone=&#8221;&#8221; custom_margin_last_edited=&#8221;on|desktop&#8221; custom_padding_tablet=&#8221;&#8221; custom_padding_phone=&#8221;&#8221; custom_padding_last_edited=&#8221;on|desktop&#8221; title_font_tablet=&#8221;&#8221; title_font_phone=&#8221;&#8221; title_font_last_edited=&#8221;on|desktop&#8221; title_text_align_tablet=&#8221;&#8221; title_text_align_phone=&#8221;&#8221; title_text_align_last_edited=&#8221;on|desktop&#8221; title_text_color_tablet=&#8221;&#8221; title_text_color_phone=&#8221;&#8221; title_text_color_last_edited=&#8221;on|desktop&#8221; title_font_size_tablet=&#8221;11px&#8221; title_font_size_phone=&#8221;11px&#8221; title_font_size_last_edited=&#8221;on|desktop&#8221; title_letter_spacing_tablet=&#8221;&#8221; title_letter_spacing_phone=&#8221;&#8221; title_letter_spacing_last_edited=&#8221;on|desktop&#8221; title_line_height_tablet=&#8221;&#8221; title_line_height_phone=&#8221;&#8221; title_line_height_last_edited=&#8221;on|desktop&#8221; module_alignment_tablet=&#8221;&#8221; module_alignment_phone=&#8221;&#8221; module_alignment_last_edited=&#8221;on|desktop&#8221; border_radii_image_tablet=&#8221;&#8221; border_radii_image_phone=&#8221;&#8221; border_radii_image_last_edited=&#8221;on|desktop&#8221; border_width_all_image_tablet=&#8221;&#8221; border_width_all_image_phone=&#8221;&#8221; border_width_all_image_last_edited=&#8221;on|desktop&#8221; border_color_all_image_tablet=&#8221;&#8221; border_color_all_image_phone=&#8221;&#8221; border_color_all_image_last_edited=&#8221;on|desktop&#8221; border_style_all_image_tablet=&#8221;&#8221; border_style_all_image_phone=&#8221;&#8221; border_style_all_image_last_edited=&#8221;on|desktop&#8221; border_radii_tablet=&#8221;&#8221; border_radii_phone=&#8221;&#8221; border_radii_last_edited=&#8221;on|desktop&#8221; border_width_all_tablet=&#8221;&#8221; border_width_all_phone=&#8221;&#8221; border_width_all_last_edited=&#8221;on|desktop&#8221; border_color_all_tablet=&#8221;&#8221; border_color_all_phone=&#8221;&#8221; border_color_all_last_edited=&#8221;on|desktop&#8221; border_style_all_tablet=&#8221;&#8221; border_style_all_phone=&#8221;&#8221; border_style_all_last_edited=&#8221;on|desktop&#8221; global_colors_info=&#8221;{}&#8221;][\/dipl_masonry_gallery][\/et_pb_column][\/et_pb_row][\/et_pb_section]<\/p>\n<span class=\"et_bloom_bottom_trigger\"><\/span>","protected":false},"excerpt":{"rendered":"<p>TEM-Forum 2024 TEM-Forum 2024 R\u00fcckblick Erhalten sie einen Eindruck aus Wien vom 2. TEM-ForumConferenza esaurita! La situazione meteorologica generale sta cambiando: la GST \u00e8 in aumento da diversi anni e si sta aprendo una finestra di opportunit\u00e0. Sii presente quando, a met\u00e0 giugno, fisseremo la bussola nella citt\u00e0 GST di Vienna e partiremo! Il Forum [&hellip;]<\/p>\n","protected":false},"author":2,"featured_media":0,"parent":0,"menu_order":0,"comment_status":"closed","ping_status":"closed","template":"","meta":{"_et_pb_use_builder":"on","_et_pb_old_content":"","_et_gb_content_width":"","footnotes":""},"class_list":["post-4939","page","type-page","status-publish","hentry"],"_links":{"self":[{"href":"https:\/\/tem-forum.org\/it\/wp-json\/wp\/v2\/pages\/4939","targetHints":{"allow":["GET"]}}],"collection":[{"href":"https:\/\/tem-forum.org\/it\/wp-json\/wp\/v2\/pages"}],"about":[{"href":"https:\/\/tem-forum.org\/it\/wp-json\/wp\/v2\/types\/page"}],"author":[{"embeddable":true,"href":"https:\/\/tem-forum.org\/it\/wp-json\/wp\/v2\/users\/2"}],"replies":[{"embeddable":true,"href":"https:\/\/tem-forum.org\/it\/wp-json\/wp\/v2\/comments?post=4939"}],"version-history":[{"count":9,"href":"https:\/\/tem-forum.org\/it\/wp-json\/wp\/v2\/pages\/4939\/revisions"}],"predecessor-version":[{"id":6831,"href":"https:\/\/tem-forum.org\/it\/wp-json\/wp\/v2\/pages\/4939\/revisions\/6831"}],"wp:attachment":[{"href":"https:\/\/tem-forum.org\/it\/wp-json\/wp\/v2\/media?parent=4939"}],"curies":[{"name":"wp","href":"https:\/\/api.w.org\/{rel}","templated":true}]}}